{"id":43343,"date":"2025-11-17T15:54:31","date_gmt":"2025-11-17T15:54:31","guid":{"rendered":"https:\/\/ani.pt\/contents-of-the-section-i-seek-to-internationalise-innovation\/"},"modified":"2025-11-18T11:16:20","modified_gmt":"2025-11-18T11:16:20","slug":"contents-of-the-section-i-seek-to-internationalise-innovation","status":"publish","type":"page","link":"https:\/\/ani.pt\/en\/contents-of-the-section-i-seek-to-internationalise-innovation\/","title":{"rendered":"Contents of the section \u201cI seek to internationalise innovation\u201d"},"content":{"rendered":"<p>[et_pb_section fb_built=&#8221;1&#8243; _builder_version=&#8221;4.16&#8243; da_disable_devices=&#8221;off|off|off&#8221; global_colors_info=&#8221;{}&#8221; da_is_popup=&#8221;off&#8221; da_exit_intent=&#8221;off&#8221; da_has_close=&#8221;on&#8221; da_alt_close=&#8221;off&#8221; da_dark_close=&#8221;off&#8221; da_not_modal=&#8221;on&#8221; da_is_singular=&#8221;off&#8221; da_with_loader=&#8221;off&#8221; da_has_shadow=&#8221;on&#8221;][et_pb_row admin_label=&#8221;row&#8221; _builder_version=&#8221;4.27.0&#8243; background_size=&#8221;initial&#8221; background_position=&#8221;top_left&#8221; background_repeat=&#8221;repeat&#8221; width=&#8221;100%&#8221; max_width=&#8221;100%&#8221; custom_margin=&#8221;0px|0px|0px|0px|false|false&#8221; custom_padding=&#8221;0px|0px|0px|0px|false|false&#8221; global_colors_info=&#8221;{}&#8221;][et_pb_column type=&#8221;4_4&#8243; _builder_version=&#8221;4.16&#8243; custom_padding=&#8221;|||&#8221; global_colors_info=&#8221;{}&#8221; custom_padding__hover=&#8221;|||&#8221;][et_pb_text _builder_version=&#8221;4.27.4&#8243; _module_preset=&#8221;default&#8221; text_text_color=&#8221;#509096&#8243; header_text_color=&#8221;#509096&#8243; header_2_font=&#8221;DM Sans||||||||&#8221; header_2_text_color=&#8221;#509096&#8243; header_2_font_size=&#8221;3em&#8221; width=&#8221;100%&#8221; custom_margin=&#8221;||30px||false|false&#8221; locked=&#8221;off&#8221; global_colors_info=&#8221;{}&#8221;]<\/p>\n<h2><strong>INTERNATIONALIZING INNOVATION<\/strong><\/h2>\n<p>[\/et_pb_text][et_pb_text _builder_version=&#8221;4.27.4&#8243; _module_preset=&#8221;default&#8221; text_font=&#8221;DM Sans||||||||&#8221; text_text_color=&#8221;#666666&#8243; text_font_size=&#8221;1.2em&#8221; text_line_height=&#8221;1.2em&#8221; width=&#8221;100%&#8221; custom_margin=&#8221;||50px||false|false&#8221; global_colors_info=&#8221;{}&#8221;]<strong>Explore todos os programas e iniciativas que podem ajudar a sua organiza\u00e7\u00e3o a expandir as suas opera\u00e7\u00f5es e a competir no mercado global.<\/strong>[\/et_pb_text][et_pb_code raw_content_tablet=&#8221;<a style=%22color:#2a3163;%22 href=%22https:\/\/ani.pt\/projetos-de-inovacao\/%22 class=%22cta%22 role=%22link%22><br \/>\n  <span>VER todas<\/span><br \/>\n<\/a>&#8221; raw_content_phone=&#8221;<a style=%22color:#2a3163;%22 href=%22https:\/\/ani.pt\/projetos-de-inovacao\/%22 class=%22cta%22 role=%22link%22><br \/>\n  <span>VER<\/span><br \/>\n<\/a>&#8221; raw_content_last_edited=&#8221;off|desktop&#8221; _builder_version=&#8221;4.27.4&#8243; _module_preset=&#8221;default&#8221; hover_enabled=&#8221;0&#8243; locked=&#8221;off&#8221; global_colors_info=&#8221;{}&#8221; sticky_enabled=&#8221;0&#8243;]<a style=\"color:#2a3163;\" href=\"https:\/\/ani.pt\/en\/internationalizing-innovation\/\" class=\"cta\" role=\"link\"><!-- [et_pb_line_break_holder] -->  <span>DISCOVER<\/span><!-- [et_pb_line_break_holder] --><\/a>[\/et_pb_code][\/et_pb_column][\/et_pb_row][\/et_pb_section]<\/p>\n","protected":false},"excerpt":{"rendered":"<p>INTERNATIONALIZING INNOVATIONExplore todos os programas e iniciativas que podem ajudar a sua organiza\u00e7\u00e3o a expandir as suas opera\u00e7\u00f5es e a competir no mercado global.<\/p>\n","protected":false},"author":2,"featured_media":0,"parent":0,"menu_order":0,"comment_status":"closed","ping_status":"closed","template":"","meta":{"_acf_changed":false,"_et_pb_use_builder":"on","_et_pb_old_content":"","_et_gb_content_width":"","footnotes":""},"categorias-de-pagina":[904],"class_list":["post-43343","page","type-page","status-publish","hentry","categorias-de-pagina-area-i-am-looking-for"],"acf":[],"yoast_head":"<!-- This site is optimized with the Yoast SEO plugin v27.3 - https:\/\/yoast.com\/product\/yoast-seo-wordpress\/ -->\n<title>Contents of the section \u201cI seek to internationalise innovation\u201d - ANI<\/title>\n<meta name=\"robots\" content=\"noindex, nofollow\" \/>\n<meta property=\"og:locale\" content=\"en_US\" \/>\n<meta property=\"og:type\" content=\"article\" \/>\n<meta property=\"og:title\" content=\"Contents of the section \u201cI seek to internationalise innovation\u201d - ANI\" \/>\n<meta property=\"og:description\" content=\"INTERNATIONALIZING INNOVATIONExplore todos os programas e iniciativas que podem ajudar a sua organiza\u00e7\u00e3o a expandir as suas opera\u00e7\u00f5es e a competir no mercado global.\" \/>\n<meta property=\"og:url\" content=\"https:\/\/ani.pt\/en\/contents-of-the-section-i-seek-to-internationalise-innovation\/\" \/>\n<meta property=\"og:site_name\" content=\"ANI\" \/>\n<meta property=\"article:publisher\" content=\"https:\/\/www.facebook.com\/agencianacionaldeinovacao\/\" \/>\n<meta property=\"article:modified_time\" content=\"2025-11-18T11:16:20+00:00\" \/>\n<meta name=\"twitter:card\" content=\"summary_large_image\" \/>\n<meta name=\"twitter:label1\" content=\"Est. reading time\" \/>\n\t<meta name=\"twitter:data1\" content=\"1 minute\" \/>\n<script type=\"application\/ld+json\" class=\"yoast-schema-graph\">{\"@context\":\"https:\\\/\\\/schema.org\",\"@graph\":[{\"@type\":\"WebPage\",\"@id\":\"https:\\\/\\\/ani.pt\\\/en\\\/contents-of-the-section-i-seek-to-internationalise-innovation\\\/\",\"url\":\"https:\\\/\\\/ani.pt\\\/en\\\/contents-of-the-section-i-seek-to-internationalise-innovation\\\/\",\"name\":\"Contents of the section \u201cI seek to internationalise innovation\u201d - ANI\",\"isPartOf\":{\"@id\":\"https:\\\/\\\/ani.pt\\\/en\\\/#website\"},\"datePublished\":\"2025-11-17T15:54:31+00:00\",\"dateModified\":\"2025-11-18T11:16:20+00:00\",\"breadcrumb\":{\"@id\":\"https:\\\/\\\/ani.pt\\\/en\\\/contents-of-the-section-i-seek-to-internationalise-innovation\\\/#breadcrumb\"},\"inLanguage\":\"en-US\",\"potentialAction\":[{\"@type\":\"ReadAction\",\"target\":[\"https:\\\/\\\/ani.pt\\\/en\\\/contents-of-the-section-i-seek-to-internationalise-innovation\\\/\"]}]},{\"@type\":\"BreadcrumbList\",\"@id\":\"https:\\\/\\\/ani.pt\\\/en\\\/contents-of-the-section-i-seek-to-internationalise-innovation\\\/#breadcrumb\",\"itemListElement\":[{\"@type\":\"ListItem\",\"position\":1,\"name\":\"Homepage\",\"item\":\"https:\\\/\\\/ani.pt\\\/en\\\/\"},{\"@type\":\"ListItem\",\"position\":2,\"name\":\"I'm looking for\u2026\",\"item\":\"https:\\\/\\\/ani.pt\\\/en\\\/categorias-de-pagina\\\/im-looking-for\\\/\"},{\"@type\":\"ListItem\",\"position\":3,\"name\":\"(AREA) I am looking for...\",\"item\":\"https:\\\/\\\/ani.pt\\\/en\\\/categorias-de-pagina\\\/im-looking-for\\\/area-i-am-looking-for\\\/\"},{\"@type\":\"ListItem\",\"position\":4,\"name\":\"Contents of the section \u201cI seek to internationalise innovation\u201d\"}]},{\"@type\":\"WebSite\",\"@id\":\"https:\\\/\\\/ani.pt\\\/en\\\/#website\",\"url\":\"https:\\\/\\\/ani.pt\\\/en\\\/\",\"name\":\"ANI\",\"description\":\"\",\"potentialAction\":[{\"@type\":\"SearchAction\",\"target\":{\"@type\":\"EntryPoint\",\"urlTemplate\":\"https:\\\/\\\/ani.pt\\\/en\\\/?s={search_term_string}\"},\"query-input\":{\"@type\":\"PropertyValueSpecification\",\"valueRequired\":true,\"valueName\":\"search_term_string\"}}],\"inLanguage\":\"en-US\"}]}<\/script>\n<!-- \/ Yoast SEO plugin. -->","yoast_head_json":{"title":"Contents of the section \u201cI seek to internationalise innovation\u201d - ANI","robots":{"index":"noindex","follow":"nofollow"},"og_locale":"en_US","og_type":"article","og_title":"Contents of the section \u201cI seek to internationalise innovation\u201d - ANI","og_description":"INTERNATIONALIZING INNOVATIONExplore todos os programas e iniciativas que podem ajudar a sua organiza\u00e7\u00e3o a expandir as suas opera\u00e7\u00f5es e a competir no mercado global.","og_url":"https:\/\/ani.pt\/en\/contents-of-the-section-i-seek-to-internationalise-innovation\/","og_site_name":"ANI","article_publisher":"https:\/\/www.facebook.com\/agencianacionaldeinovacao\/","article_modified_time":"2025-11-18T11:16:20+00:00","twitter_card":"summary_large_image","twitter_misc":{"Est. reading time":"1 minute"},"schema":{"@context":"https:\/\/schema.org","@graph":[{"@type":"WebPage","@id":"https:\/\/ani.pt\/en\/contents-of-the-section-i-seek-to-internationalise-innovation\/","url":"https:\/\/ani.pt\/en\/contents-of-the-section-i-seek-to-internationalise-innovation\/","name":"Contents of the section \u201cI seek to internationalise innovation\u201d - ANI","isPartOf":{"@id":"https:\/\/ani.pt\/en\/#website"},"datePublished":"2025-11-17T15:54:31+00:00","dateModified":"2025-11-18T11:16:20+00:00","breadcrumb":{"@id":"https:\/\/ani.pt\/en\/contents-of-the-section-i-seek-to-internationalise-innovation\/#breadcrumb"},"inLanguage":"en-US","potentialAction":[{"@type":"ReadAction","target":["https:\/\/ani.pt\/en\/contents-of-the-section-i-seek-to-internationalise-innovation\/"]}]},{"@type":"BreadcrumbList","@id":"https:\/\/ani.pt\/en\/contents-of-the-section-i-seek-to-internationalise-innovation\/#breadcrumb","itemListElement":[{"@type":"ListItem","position":1,"name":"Homepage","item":"https:\/\/ani.pt\/en\/"},{"@type":"ListItem","position":2,"name":"I'm looking for\u2026","item":"https:\/\/ani.pt\/en\/categorias-de-pagina\/im-looking-for\/"},{"@type":"ListItem","position":3,"name":"(AREA) I am looking for...","item":"https:\/\/ani.pt\/en\/categorias-de-pagina\/im-looking-for\/area-i-am-looking-for\/"},{"@type":"ListItem","position":4,"name":"Contents of the section \u201cI seek to internationalise innovation\u201d"}]},{"@type":"WebSite","@id":"https:\/\/ani.pt\/en\/#website","url":"https:\/\/ani.pt\/en\/","name":"ANI","description":"","potentialAction":[{"@type":"SearchAction","target":{"@type":"EntryPoint","urlTemplate":"https:\/\/ani.pt\/en\/?s={search_term_string}"},"query-input":{"@type":"PropertyValueSpecification","valueRequired":true,"valueName":"search_term_string"}}],"inLanguage":"en-US"}]}},"_links":{"self":[{"href":"https:\/\/ani.pt\/en\/wp-json\/wp\/v2\/pages\/43343","targetHints":{"allow":["GET"]}}],"collection":[{"href":"https:\/\/ani.pt\/en\/wp-json\/wp\/v2\/pages"}],"about":[{"href":"https:\/\/ani.pt\/en\/wp-json\/wp\/v2\/types\/page"}],"author":[{"embeddable":true,"href":"https:\/\/ani.pt\/en\/wp-json\/wp\/v2\/users\/2"}],"replies":[{"embeddable":true,"href":"https:\/\/ani.pt\/en\/wp-json\/wp\/v2\/comments?post=43343"}],"version-history":[{"count":3,"href":"https:\/\/ani.pt\/en\/wp-json\/wp\/v2\/pages\/43343\/revisions"}],"predecessor-version":[{"id":43402,"href":"https:\/\/ani.pt\/en\/wp-json\/wp\/v2\/pages\/43343\/revisions\/43402"}],"wp:attachment":[{"href":"https:\/\/ani.pt\/en\/wp-json\/wp\/v2\/media?parent=43343"}],"wp:term":[{"taxonomy":"categorias-de-pagina","embeddable":true,"href":"https:\/\/ani.pt\/en\/wp-json\/wp\/v2\/categorias-de-pagina?post=43343"}],"curies":[{"name":"wp","href":"https:\/\/api.w.org\/{rel}","templated":true}]}}