{"id":30557,"date":"2024-02-01T10:27:56","date_gmt":"2024-02-01T10:27:56","guid":{"rendered":"https:\/\/ani.pt\/login\/"},"modified":"2025-11-10T10:25:39","modified_gmt":"2025-11-10T10:25:39","slug":"login","status":"publish","type":"page","link":"https:\/\/ani.pt\/en\/login\/","title":{"rendered":"Login"},"content":{"rendered":"<p>[et_pb_section fb_built=&#8221;1&#8243; custom_padding_last_edited=&#8221;on|desktop&#8221; _builder_version=&#8221;4.25.2&#8243; _module_preset=&#8221;default&#8221; background_image=&#8221;https:\/\/ani.pt\/wp-content\/uploads\/2024\/06\/ani-area-restrita-banner-v2.jpg&#8221; parallax=&#8221;on&#8221; custom_padding=&#8221;150px||200px||false|false&#8221; custom_padding_tablet=&#8221;150px||150px||true|false&#8221; custom_padding_phone=&#8221;150px||150px||true|false&#8221; da_disable_devices=&#8221;off|off|off&#8221; global_colors_info=&#8221;{}&#8221; da_is_popup=&#8221;off&#8221; da_exit_intent=&#8221;off&#8221; da_has_close=&#8221;on&#8221; da_alt_close=&#8221;off&#8221; da_dark_close=&#8221;off&#8221; da_not_modal=&#8221;on&#8221; da_is_singular=&#8221;off&#8221; da_with_loader=&#8221;off&#8221; da_has_shadow=&#8221;on&#8221;][\/et_pb_section][et_pb_section fb_built=&#8221;1&#8243; _builder_version=&#8221;4.25.2&#8243; _module_preset=&#8221;default&#8221; background_image=&#8221;https:\/\/ani.pt\/wp-content\/uploads\/2024\/05\/ani-agenda-de-inovacao-nova-imagem-bg.png&#8221; height=&#8221;20px&#8221; custom_margin=&#8221;0px|0px|0px|0px|false|false&#8221; custom_padding=&#8221;0px|0px|0px|0px|false|false&#8221; da_disable_devices=&#8221;off|off|off&#8221; global_colors_info=&#8221;{}&#8221; da_is_popup=&#8221;off&#8221; da_exit_intent=&#8221;off&#8221; da_has_close=&#8221;on&#8221; da_alt_close=&#8221;off&#8221; da_dark_close=&#8221;off&#8221; da_not_modal=&#8221;on&#8221; da_is_singular=&#8221;off&#8221; da_with_loader=&#8221;off&#8221; da_has_shadow=&#8221;on&#8221;][\/et_pb_section][et_pb_section fb_built=&#8221;1&#8243; custom_padding_last_edited=&#8221;on|desktop&#8221; _builder_version=&#8221;4.22.2&#8243; _module_preset=&#8221;default&#8221; custom_margin=&#8221;||0px||false|false&#8221; custom_padding=&#8221;15px||0px||false|false&#8221; custom_padding_tablet=&#8221;15px||25px||false|false&#8221; custom_padding_phone=&#8221;15px||||false|false&#8221; da_disable_devices=&#8221;off|off|off&#8221; global_colors_info=&#8221;{}&#8221; da_is_popup=&#8221;off&#8221; da_exit_intent=&#8221;off&#8221; da_has_close=&#8221;on&#8221; da_alt_close=&#8221;off&#8221; da_dark_close=&#8221;off&#8221; da_not_modal=&#8221;on&#8221; da_is_singular=&#8221;off&#8221; da_with_loader=&#8221;off&#8221; da_has_shadow=&#8221;on&#8221;][et_pb_row _builder_version=&#8221;4.22.2&#8243; _module_preset=&#8221;default&#8221; width=&#8221;100%&#8221; width_tablet=&#8221;100%&#8221; width_phone=&#8221;100%&#8221; width_last_edited=&#8221;on|desktop&#8221; max_width=&#8221;80%&#8221; max_width_tablet=&#8221;80%&#8221; max_width_phone=&#8221;80%&#8221; max_width_last_edited=&#8221;on|desktop&#8221; custom_padding=&#8221;||0px||false|false&#8221; global_colors_info=&#8221;{}&#8221;][et_pb_column type=&#8221;4_4&#8243; _builder_version=&#8221;4.22.2&#8243; _module_preset=&#8221;default&#8221; global_colors_info=&#8221;{}&#8221;][et_pb_text _builder_version=&#8221;4.22.2&#8243; _module_preset=&#8221;default&#8221; header_font=&#8221;|700|||||||&#8221; header_text_color=&#8221;#ff5869&#8243; header_font_size=&#8221;4.5em&#8221; custom_margin=&#8221;||0px||false|false&#8221; header_font_size_tablet=&#8221;4.5em&#8221; header_font_size_phone=&#8221;3.5em&#8221; header_font_size_last_edited=&#8221;on|phone&#8221; global_colors_info=&#8221;{}&#8221;]<\/p>\n<h1>LOGIN<\/h1>\n<p>[\/et_pb_text][et_pb_divider color=&#8221;#3dbdc0&#8243; divider_weight=&#8221;6px&#8221; _builder_version=&#8221;4.22.2&#8243; _module_preset=&#8221;default&#8221; width=&#8221;10%&#8221; width_tablet=&#8221;10%&#8221; width_phone=&#8221;25%&#8221; width_last_edited=&#8221;on|phone&#8221; custom_margin=&#8221;||35px|100px|false|false&#8221; custom_margin_tablet=&#8221;|||135px|false|false&#8221; custom_margin_phone=&#8221;||20px|135px|false|false&#8221; custom_margin_last_edited=&#8221;on|desktop&#8221; global_colors_info=&#8221;{}&#8221;][\/et_pb_divider][\/et_pb_column][\/et_pb_row][\/et_pb_section][et_pb_section fb_built=&#8221;1&#8243; custom_padding_last_edited=&#8221;on|desktop&#8221; _builder_version=&#8221;4.22.2&#8243; _module_preset=&#8221;default&#8221; background_color=&#8221;RGBA(255,255,255,0)&#8221; custom_margin=&#8221;0px||0px||false|false&#8221; custom_padding=&#8221;0px||0px||false|false&#8221; custom_padding_tablet=&#8221;15px||25px||false|false&#8221; custom_padding_phone=&#8221;15px||||false|false&#8221; da_disable_devices=&#8221;off|off|off&#8221; global_colors_info=&#8221;{}&#8221; da_is_popup=&#8221;off&#8221; da_exit_intent=&#8221;off&#8221; da_has_close=&#8221;on&#8221; da_alt_close=&#8221;off&#8221; da_dark_close=&#8221;off&#8221; da_not_modal=&#8221;on&#8221; da_is_singular=&#8221;off&#8221; da_with_loader=&#8221;off&#8221; da_has_shadow=&#8221;on&#8221;][et_pb_row _builder_version=&#8221;4.27.4&#8243; _module_preset=&#8221;default&#8221; width=&#8221;100%&#8221; width_tablet=&#8221;100%&#8221; width_phone=&#8221;100%&#8221; width_last_edited=&#8221;on|desktop&#8221; max_width=&#8221;80%&#8221; max_width_tablet=&#8221;80%&#8221; max_width_phone=&#8221;80%&#8221; max_width_last_edited=&#8221;on|desktop&#8221; custom_padding=&#8221;0px||||false|false&#8221; hover_enabled=&#8221;0&#8243; global_colors_info=&#8221;{}&#8221; disabled_on=&#8221;on|on|on&#8221; disabled=&#8221;on&#8221; sticky_enabled=&#8221;0&#8243;][et_pb_column type=&#8221;4_4&#8243; _builder_version=&#8221;4.22.2&#8243; _module_preset=&#8221;default&#8221; global_colors_info=&#8221;{}&#8221;][et_pb_code _builder_version=&#8221;4.25.1&#8243; _module_preset=&#8221;default&#8221; custom_margin=&#8221;||-15px||false|false&#8221; custom_padding=&#8221;||||false|false&#8221; global_colors_info=&#8221;{}&#8221;]\n<div class=\"um um-login um-8585\">\n\t<div class=\"um-form\">\n\t\t<form method=\"post\" action=\"\" autocomplete=\"off\">\n\t\t\t<div class=\"um-row _um_row_1 \" style=\"margin: 0 0 30px 0;\"><div class=\"um-col-1\"><div  id=\"um_field_8585_username\" class=\"um-field um-field-text  um-field-username um-field-text um-field-type_text\" data-key=\"username\"><div class=\"um-field-label\"><label for=\"username-8585\">Email<span class=\"um-req\" title=\"Required\">*<\/span><\/label><div class=\"um-clear\"><\/div><\/div><div class=\"um-field-area\"><input  autocomplete=\"off\" class=\"um-form-field valid \" type=\"text\" name=\"username-8585\" id=\"username-8585\" value=\"\" placeholder=\"\" data-validate=\"\" data-key=\"username\"  aria-invalid=\"false\" \/>\n\n\t\t\t\t\t\t<\/div><\/div><div  id=\"um_field_8585_user_password\" class=\"um-field um-field-password  um-field-user_password um-field-password um-field-type_password\" data-key=\"user_password\"><div class=\"um-field-label\"><label for=\"user_password-8585\">Password<span class=\"um-req\" title=\"Required\">*<\/span><\/label><div class=\"um-clear\"><\/div><\/div><div class=\"um-field-area\"><input class=\"um-form-field valid \" type=\"password\" name=\"user_password-8585\" id=\"user_password-8585\" value=\"\" placeholder=\"\" data-validate=\"\" data-key=\"user_password\"  aria-invalid=\"false\" \/>\n\n\t\t\t\t\t\t\t<\/div><\/div><\/div><\/div>\t<input type=\"hidden\" name=\"form_id\" id=\"form_id_8585\" value=\"8585\" \/>\n\t\t<p class=\"um_request_name\">\n\t\t<label for=\"um_request_8585\">Only fill in if you are not human<\/label>\n\t\t<input type=\"hidden\" name=\"um_request\" id=\"um_request_8585\" class=\"input\" value=\"\" size=\"25\" autocomplete=\"off\" \/>\n\t<\/p>\n\t<input type=\"hidden\" name=\"redirect_to\" id=\"redirect_to\" value=\"http:\/\/ani.pt\/dashboard\/\" \/><input type=\"hidden\" id=\"_wpnonce\" name=\"_wpnonce\" value=\"55c5b4fb29\" \/><input type=\"hidden\" name=\"_wp_http_referer\" value=\"\/en\/wp-json\/wp\/v2\/pages\/30557\" \/>\n\t<div class=\"um-col-alt\">\n\n\t\t\n\t\t\t<div class=\"um-left um-half\">\n\t\t\t\t<input type=\"submit\" value=\"Login\" class=\"um-button\" id=\"um-submit-btn\" \/>\n\t\t\t<\/div>\n\t\t\t<div class=\"um-right um-half\">\n\t\t\t\t<a href=\"https:\/\/ani.pt\/en\/register\/\" class=\"um-button um-alt\">\n\t\t\t\t\tSign in\t\t\t\t<\/a>\n\t\t\t<\/div>\n\n\t\t\n\t\t<div class=\"um-clear\"><\/div>\n\n\t<\/div>\n\n\t\t\t<\/form>\n\t<\/div>\n<\/div>\n<style>\n\t\t\t.um-8585.um {\n\t\t\tmax-width: 450px;\n\t\t}\n\t\t<\/style>\n\t[\/et_pb_code][et_pb_text _builder_version=&#8221;4.25.1&#8243; _module_preset=&#8221;default&#8221; text_text_color=&#8221;RGBA(255,255,255,0)&#8221; header_2_text_color=&#8221;#0C71C3&#8243; header_2_font_size=&#8221;0px&#8221; header_3_text_color=&#8221;#0C71C3&#8243; header_3_font_size=&#8221;0px&#8221; global_colors_info=&#8221;{}&#8221;]<\/p>\n<h2>H2<\/h2>\n<h3>H3<\/h3>\n<p>[\/et_pb_text][\/et_pb_column][\/et_pb_row][\/et_pb_section][et_pb_section fb_built=&#8221;1&#8243; custom_padding_last_edited=&#8221;on|desktop&#8221; _builder_version=&#8221;4.22.2&#8243; _module_preset=&#8221;default&#8221; background_color=&#8221;RGBA(255,255,255,0)&#8221; custom_margin=&#8221;0px||0px||false|false&#8221; custom_padding=&#8221;0px||0px||false|false&#8221; custom_padding_tablet=&#8221;15px||25px||false|false&#8221; custom_padding_phone=&#8221;15px||||false|false&#8221; da_disable_devices=&#8221;off|off|off&#8221; global_colors_info=&#8221;{}&#8221; da_is_popup=&#8221;off&#8221; da_exit_intent=&#8221;off&#8221; da_has_close=&#8221;on&#8221; da_alt_close=&#8221;off&#8221; da_dark_close=&#8221;off&#8221; da_not_modal=&#8221;on&#8221; da_is_singular=&#8221;off&#8221; da_with_loader=&#8221;off&#8221; da_has_shadow=&#8221;on&#8221;][et_pb_row disabled_on=&#8221;off|off|off&#8221; _builder_version=&#8221;4.27.4&#8243; _module_preset=&#8221;default&#8221; width=&#8221;100%&#8221; width_tablet=&#8221;100%&#8221; width_phone=&#8221;100%&#8221; width_last_edited=&#8221;on|desktop&#8221; max_width=&#8221;80%&#8221; max_width_tablet=&#8221;80%&#8221; max_width_phone=&#8221;80%&#8221; max_width_last_edited=&#8221;on|desktop&#8221; custom_padding=&#8221;0px||||false|false&#8221; global_colors_info=&#8221;{}&#8221;][et_pb_column type=&#8221;4_4&#8243; _builder_version=&#8221;4.22.2&#8243; _module_preset=&#8221;default&#8221; global_colors_info=&#8221;{}&#8221;][et_pb_text _builder_version=&#8221;4.25.1&#8243; _module_preset=&#8221;default&#8221; header_2_font_size=&#8221;0px&#8221; header_3_font_size=&#8221;0px&#8221; custom_margin=&#8221;0px|0px|0px|0px|false|false&#8221; custom_padding=&#8221;0px|0px|0px|0px|false|false&#8221; global_colors_info=&#8221;{}&#8221;]<\/p>\n<h2>H2<\/h2>\n<h3>H3<\/h3>\n<p>[\/et_pb_text][et_pb_text _builder_version=&#8221;4.27.4&#8243; _module_preset=&#8221;default&#8221; text_font_size=&#8221;1.3em&#8221; text_line_height=&#8221;1.3em&#8221; link_font=&#8221;|700|||||||&#8221; link_text_color=&#8221;#7d55c7&#8243; header_2_text_color=&#8221;#3dbdc0&#8243; header_2_font_size=&#8221;2em&#8221; header_3_text_color=&#8221;#9f9f9f&#8221; header_3_font_size=&#8221;1.5em&#8221; custom_margin=&#8221;0px||0px||false|false&#8221; custom_margin_tablet=&#8221;||15px||false|false&#8221; custom_margin_phone=&#8221;||15px||false|false&#8221; custom_margin_last_edited=&#8221;on|desktop&#8221; custom_padding=&#8221;||0px|||&#8221; text_font_size_tablet=&#8221;&#8221; text_font_size_phone=&#8221;&#8221; text_font_size_last_edited=&#8221;on|tablet&#8221; header_2_font_size_tablet=&#8221;2em&#8221; header_2_font_size_phone=&#8221;1.5em&#8221; header_2_font_size_last_edited=&#8221;on|phone&#8221; header_3_font_size_last_edited=&#8221;off|desktop&#8221; global_colors_info=&#8221;{}&#8221;]<\/p>\n<h2 style=\"font-weight: 400;\"><span style=\"color: #ff5869;\"><strong>WELCOME TO ANI\u2019S MEMBERS AREA<\/strong><\/span><\/h2>\n<h3 style=\"font-weight: 400;\"><span style=\"color: #2a3163;\"><strong>A new platform designed for companies, entrepreneurs, researchers, associations, research centers, Collaborative Laboratories (CoLabs), and organizations that want to be part of a community driven by innovation.<\/strong><\/span><\/h3>\n<p>&nbsp;<\/p>\n<p><strong>Soon, you\u2019ll be able to register and access exclusive content, dedicated events, and join forums where you can share your insights and contribute to the development and discussion of key topics shaping the national innovation strategy.<\/strong><\/p>\n<p>Until then, feel free to reach out for more information at <a href=\"mailto:comunicacao@ani.pt\" target=\"_blank\" rel=\"noopener\">comunicacao@ani.pt<\/a>.<\/p>\n<p>[\/et_pb_text][et_pb_text _builder_version=&#8221;4.27.0&#8243; _module_preset=&#8221;default&#8221; text_font=&#8221;DM Sans||||||||&#8221; text_font_size=&#8221;1em&#8221; link_font=&#8221;DM Sans||||||||&#8221; link_text_color=&#8221;#7d55c7&#8243; custom_margin=&#8221;90px||||false|false&#8221; custom_css_main_element=&#8221;clear: both;&#8221; global_colors_info=&#8221;{}&#8221;]<\/p>\n<p class=\"x_MsoNormal\"><i><span lang=\"PT\">Data Processing: Ag\u00eancia Nacional de Inova\u00e7\u00e3o, S.A. (ANI), processes personal data within the scope of its responsibilities and for the purposes of registration, authentication, and identity verification; reception, analysis, and evaluation of applications and monitoring the execution of requests submitted to the entity; issuance of certificates, certificates, and declarations; analysis and response to clarification requests; auditing, and control. The processing is necessary to fulfill legal obligations to which <\/span><\/i><i><span> <\/span><\/i><i><span lang=\"PT\">Ag\u00eancia Nacional de Inova\u00e7\u00e3o, S.A.<\/span><\/i><i><span> <\/span><\/i><i><span lang=\"PT\">is subject and for pursuing the public interest, arising from the entity&#8217;s responsibilities and legal competencies; contractual execution or pre-contractual measures at the request of the data subject; consent of the data subject.<span class=\"x_apple-converted-space\"> <\/span><\/span><\/i><span><\/span><\/p>\n<p class=\"x_MsoNormal\"><span lang=\"PT\"><i>Exercise of rights: You may exercise<\/i><\/span><i><span>your<\/span><\/i><i><span lang=\"PT\">right to access personal data, rectification, limitation of processing, data deletion, opposition, and the right to submit a complaint to the supervisory authority, the National Data Protection Commission (CNPD), by submitting a request to the Data Protection Officer of the entity through the contacts indicated abov<span class=\"x_apple-converted-space\">e.<\/span><\/span><\/i> <span><\/span><\/p>\n<p class=\"x_MsoNormal\"><i><span lang=\"PT\">You can contact Ag\u00eancia Nacional de Inova\u00e7\u00e3o, S.A. (ANI), through the online form, <\/span><\/i><i><span lang=\"PT\"><a title=\"mailto:comunicacao@ani.pt\" href=\"mailto:comunicacao@ani.pt\" data-linkindex=\"0\"><span>comunicacao@ani.pt<\/span><\/a><span class=\"x_apple-converted-space\">,<\/span> <\/span><\/i><span lang=\"PT\"><i>or the customer service line at +351 214 232 100 (cost of call to the national fixed network), available on weekdays from 09:00 to 18:00.<\/i><\/span><span><\/span><\/p>\n<p class=\"x_MsoNormal\"><i><span lang=\"PT\">For more information<\/span><\/i> <i><span>, please <\/span><\/i><i><span lang=\"PT\"><a title=\"https:\/\/www.ani.pt\/pt\/quem-somos\/politica-de-protecao-de-dados\/\" data-auth=\"NotApplicable\" rel=\"noopener noreferrer\" target=\"_blank\" href=\"https:\/\/ani.pt\/en\/data-protection-policy\/\" data-linkindex=\"1\"><span>consult the Data Protection Policy.<\/span><\/a><\/span><\/i><span><\/span><\/p>\n<div>\n<p class=\"x_MsoNormal\"><i><span lang=\"PT\">Ag\u00eancia Nacional de Inova\u00e7\u00e3o, S.A., legal entity and tax identification number 503024260, headquartered at Rua de Sagres n\u00ba 11, 4150-649 Porto.<\/span><\/i><\/p>\n<\/div>\n<p>[\/et_pb_text][\/et_pb_column][\/et_pb_row][\/et_pb_section]<\/p>\n","protected":false},"excerpt":{"rendered":"<p>LOGIN\n<div class=\"um um-login um-8585\">\n\t<div class=\"um-form\">\n\t\t<form method=\"post\" action=\"\" autocomplete=\"off\">\n\t\t\t<div class=\"um-row _um_row_1 \" style=\"margin: 0 0 30px 0;\"><div class=\"um-col-1\"><div  id=\"um_field_8585_username\" class=\"um-field um-field-text  um-field-username um-field-text um-field-type_text\" data-key=\"username\"><div class=\"um-field-label\"><label for=\"username-8585\">Email<span class=\"um-req\" title=\"Required\">*<\/span><\/label><div class=\"um-clear\"><\/div><\/div><div class=\"um-field-area\"><input  autocomplete=\"off\" class=\"um-form-field valid \" type=\"text\" name=\"username-8585\" id=\"username-8585\" value=\"\" placeholder=\"\" data-validate=\"\" data-key=\"username\"  aria-invalid=\"false\" \/>\n\n\t\t\t\t\t\t<\/div><\/div><div  id=\"um_field_8585_user_password\" class=\"um-field um-field-password  um-field-user_password um-field-password um-field-type_password\" data-key=\"user_password\"><div class=\"um-field-label\"><label for=\"user_password-8585\">Password<span class=\"um-req\" title=\"Required\">*<\/span><\/label><div class=\"um-clear\"><\/div><\/div><div class=\"um-field-area\"><input class=\"um-form-field valid \" type=\"password\" name=\"user_password-8585\" id=\"user_password-8585\" value=\"\" placeholder=\"\" data-validate=\"\" data-key=\"user_password\"  aria-invalid=\"false\" \/>\n\n\t\t\t\t\t\t\t<\/div><\/div><\/div><\/div>\t<input type=\"hidden\" name=\"form_id\" id=\"form_id_8585\" value=\"8585\" \/>\n\t\t<p class=\"um_request_name\">\n\t\t<label for=\"um_request_8585\">Only fill in if you are not human<\/label>\n\t\t<input type=\"hidden\" name=\"um_request\" id=\"um_request_8585\" class=\"input\" value=\"\" size=\"25\" autocomplete=\"off\" \/>\n\t<\/p>\n\t<input type=\"hidden\" name=\"redirect_to\" id=\"redirect_to\" value=\"http:\/\/ani.pt\/dashboard\/\" \/><input type=\"hidden\" id=\"_wpnonce\" name=\"_wpnonce\" value=\"55c5b4fb29\" \/><input type=\"hidden\" name=\"_wp_http_referer\" value=\"\/en\/wp-json\/wp\/v2\/pages\/30557\" \/>\n\t<div class=\"um-col-alt\">\n\n\t\t\n\t\t\t<div class=\"um-left um-half\">\n\t\t\t\t<input type=\"submit\" value=\"Login\" class=\"um-button\" id=\"um-submit-btn\" \/>\n\t\t\t<\/div>\n\t\t\t<div class=\"um-right um-half\">\n\t\t\t\t<a href=\"https:\/\/ani.pt\/en\/register\/\" class=\"um-button um-alt\">\n\t\t\t\t\tSign in\t\t\t\t<\/a>\n\t\t\t<\/div>\n\n\t\t\n\t\t<div class=\"um-clear\"><\/div>\n\n\t<\/div>\n\n\t\t\t<\/form>\n\t<\/div>\n<\/div>\n H2 H3H2 H3WELCOME TO ANI\u2019S MEMBERS AREA A new platform designed for companies, entrepreneurs, researchers, associations, research centers, Collaborative Laboratories (CoLabs), and organizations that want to be part of a community driven by innovation. &nbsp; Soon, you\u2019ll be able to register and access exclusive content, dedicated events, and join forums where you can [&hellip;]<\/p>\n","protected":false},"author":2,"featured_media":30559,"parent":0,"menu_order":0,"comment_status":"closed","ping_status":"closed","template":"","meta":{"_acf_changed":false,"_et_pb_use_builder":"on","_et_pb_old_content":"","_et_gb_content_width":"","footnotes":""},"categorias-de-pagina":[663],"class_list":["post-30557","page","type-page","status-publish","has-post-thumbnail","hentry","categorias-de-pagina-ani-members-area"],"acf":[],"yoast_head":"<!-- This site is optimized with the Yoast SEO plugin v27.4 - https:\/\/yoast.com\/product\/yoast-seo-wordpress\/ -->\n<title>LOGIN | ANI<\/title>\n<meta name=\"description\" content=\"LOGIN\" \/>\n<meta name=\"robots\" content=\"noindex, nofollow\" \/>\n<meta property=\"og:locale\" content=\"en_US\" \/>\n<meta property=\"og:type\" content=\"article\" \/>\n<meta property=\"og:title\" content=\"LOGIN | ANI\" \/>\n<meta property=\"og:description\" content=\"LOGIN\" \/>\n<meta property=\"og:url\" content=\"https:\/\/ani.pt\/en\/login\/\" \/>\n<meta property=\"og:site_name\" content=\"ANI\" \/>\n<meta property=\"article:publisher\" content=\"https:\/\/www.facebook.com\/agencianacionaldeinovacao\/\" \/>\n<meta property=\"article:modified_time\" content=\"2025-11-10T10:25:39+00:00\" \/>\n<meta property=\"og:image\" content=\"https:\/\/ani.pt\/wp-content\/uploads\/2024\/06\/ani-area-restrita-banner-v2.jpg\" \/>\n\t<meta property=\"og:image:width\" content=\"1949\" \/>\n\t<meta property=\"og:image:height\" content=\"1374\" \/>\n\t<meta property=\"og:image:type\" content=\"image\/jpeg\" \/>\n<meta name=\"twitter:card\" content=\"summary_large_image\" \/>\n<meta name=\"twitter:label1\" content=\"Est. reading time\" \/>\n\t<meta name=\"twitter:data1\" content=\"2 minutes\" \/>\n<script type=\"application\/ld+json\" class=\"yoast-schema-graph\">{\"@context\":\"https:\\\/\\\/schema.org\",\"@graph\":[{\"@type\":\"WebPage\",\"@id\":\"https:\\\/\\\/ani.pt\\\/en\\\/login\\\/\",\"url\":\"https:\\\/\\\/ani.pt\\\/en\\\/login\\\/\",\"name\":\"LOGIN | ANI\",\"isPartOf\":{\"@id\":\"https:\\\/\\\/ani.pt\\\/en\\\/#website\"},\"primaryImageOfPage\":{\"@id\":\"https:\\\/\\\/ani.pt\\\/en\\\/login\\\/#primaryimage\"},\"image\":{\"@id\":\"https:\\\/\\\/ani.pt\\\/en\\\/login\\\/#primaryimage\"},\"thumbnailUrl\":\"https:\\\/\\\/ani.pt\\\/wp-content\\\/uploads\\\/2024\\\/06\\\/ani-area-restrita-banner-v2.jpg\",\"datePublished\":\"2024-02-01T10:27:56+00:00\",\"dateModified\":\"2025-11-10T10:25:39+00:00\",\"description\":\"LOGIN\",\"breadcrumb\":{\"@id\":\"https:\\\/\\\/ani.pt\\\/en\\\/login\\\/#breadcrumb\"},\"inLanguage\":\"en-US\",\"potentialAction\":[{\"@type\":\"ReadAction\",\"target\":[\"https:\\\/\\\/ani.pt\\\/en\\\/login\\\/\"]}]},{\"@type\":\"ImageObject\",\"inLanguage\":\"en-US\",\"@id\":\"https:\\\/\\\/ani.pt\\\/en\\\/login\\\/#primaryimage\",\"url\":\"https:\\\/\\\/ani.pt\\\/wp-content\\\/uploads\\\/2024\\\/06\\\/ani-area-restrita-banner-v2.jpg\",\"contentUrl\":\"https:\\\/\\\/ani.pt\\\/wp-content\\\/uploads\\\/2024\\\/06\\\/ani-area-restrita-banner-v2.jpg\",\"width\":1949,\"height\":1374},{\"@type\":\"BreadcrumbList\",\"@id\":\"https:\\\/\\\/ani.pt\\\/en\\\/login\\\/#breadcrumb\",\"itemListElement\":[{\"@type\":\"ListItem\",\"position\":1,\"name\":\"Homepage\",\"item\":\"https:\\\/\\\/ani.pt\\\/en\\\/\"},{\"@type\":\"ListItem\",\"position\":2,\"name\":\"ANI Members' Area\",\"item\":\"https:\\\/\\\/ani.pt\\\/en\\\/categorias-de-pagina\\\/ani-members-area\\\/\"},{\"@type\":\"ListItem\",\"position\":3,\"name\":\"Login\"}]},{\"@type\":\"WebSite\",\"@id\":\"https:\\\/\\\/ani.pt\\\/en\\\/#website\",\"url\":\"https:\\\/\\\/ani.pt\\\/en\\\/\",\"name\":\"ANI\",\"description\":\"\",\"potentialAction\":[{\"@type\":\"SearchAction\",\"target\":{\"@type\":\"EntryPoint\",\"urlTemplate\":\"https:\\\/\\\/ani.pt\\\/en\\\/?s={search_term_string}\"},\"query-input\":{\"@type\":\"PropertyValueSpecification\",\"valueRequired\":true,\"valueName\":\"search_term_string\"}}],\"inLanguage\":\"en-US\"}]}<\/script>\n<!-- \/ Yoast SEO plugin. -->","yoast_head_json":{"title":"LOGIN | ANI","description":"LOGIN","robots":{"index":"noindex","follow":"nofollow"},"og_locale":"en_US","og_type":"article","og_title":"LOGIN | ANI","og_description":"LOGIN","og_url":"https:\/\/ani.pt\/en\/login\/","og_site_name":"ANI","article_publisher":"https:\/\/www.facebook.com\/agencianacionaldeinovacao\/","article_modified_time":"2025-11-10T10:25:39+00:00","og_image":[{"width":1949,"height":1374,"url":"https:\/\/ani.pt\/wp-content\/uploads\/2024\/06\/ani-area-restrita-banner-v2.jpg","type":"image\/jpeg"}],"twitter_card":"summary_large_image","twitter_misc":{"Est. reading time":"2 minutes"},"schema":{"@context":"https:\/\/schema.org","@graph":[{"@type":"WebPage","@id":"https:\/\/ani.pt\/en\/login\/","url":"https:\/\/ani.pt\/en\/login\/","name":"LOGIN | ANI","isPartOf":{"@id":"https:\/\/ani.pt\/en\/#website"},"primaryImageOfPage":{"@id":"https:\/\/ani.pt\/en\/login\/#primaryimage"},"image":{"@id":"https:\/\/ani.pt\/en\/login\/#primaryimage"},"thumbnailUrl":"https:\/\/ani.pt\/wp-content\/uploads\/2024\/06\/ani-area-restrita-banner-v2.jpg","datePublished":"2024-02-01T10:27:56+00:00","dateModified":"2025-11-10T10:25:39+00:00","description":"LOGIN","breadcrumb":{"@id":"https:\/\/ani.pt\/en\/login\/#breadcrumb"},"inLanguage":"en-US","potentialAction":[{"@type":"ReadAction","target":["https:\/\/ani.pt\/en\/login\/"]}]},{"@type":"ImageObject","inLanguage":"en-US","@id":"https:\/\/ani.pt\/en\/login\/#primaryimage","url":"https:\/\/ani.pt\/wp-content\/uploads\/2024\/06\/ani-area-restrita-banner-v2.jpg","contentUrl":"https:\/\/ani.pt\/wp-content\/uploads\/2024\/06\/ani-area-restrita-banner-v2.jpg","width":1949,"height":1374},{"@type":"BreadcrumbList","@id":"https:\/\/ani.pt\/en\/login\/#breadcrumb","itemListElement":[{"@type":"ListItem","position":1,"name":"Homepage","item":"https:\/\/ani.pt\/en\/"},{"@type":"ListItem","position":2,"name":"ANI Members' Area","item":"https:\/\/ani.pt\/en\/categorias-de-pagina\/ani-members-area\/"},{"@type":"ListItem","position":3,"name":"Login"}]},{"@type":"WebSite","@id":"https:\/\/ani.pt\/en\/#website","url":"https:\/\/ani.pt\/en\/","name":"ANI","description":"","potentialAction":[{"@type":"SearchAction","target":{"@type":"EntryPoint","urlTemplate":"https:\/\/ani.pt\/en\/?s={search_term_string}"},"query-input":{"@type":"PropertyValueSpecification","valueRequired":true,"valueName":"search_term_string"}}],"inLanguage":"en-US"}]}},"_links":{"self":[{"href":"https:\/\/ani.pt\/en\/wp-json\/wp\/v2\/pages\/30557","targetHints":{"allow":["GET"]}}],"collection":[{"href":"https:\/\/ani.pt\/en\/wp-json\/wp\/v2\/pages"}],"about":[{"href":"https:\/\/ani.pt\/en\/wp-json\/wp\/v2\/types\/page"}],"author":[{"embeddable":true,"href":"https:\/\/ani.pt\/en\/wp-json\/wp\/v2\/users\/2"}],"replies":[{"embeddable":true,"href":"https:\/\/ani.pt\/en\/wp-json\/wp\/v2\/comments?post=30557"}],"version-history":[{"count":8,"href":"https:\/\/ani.pt\/en\/wp-json\/wp\/v2\/pages\/30557\/revisions"}],"predecessor-version":[{"id":42981,"href":"https:\/\/ani.pt\/en\/wp-json\/wp\/v2\/pages\/30557\/revisions\/42981"}],"wp:featuredmedia":[{"embeddable":true,"href":"https:\/\/ani.pt\/en\/wp-json\/wp\/v2\/media\/30559"}],"wp:attachment":[{"href":"https:\/\/ani.pt\/en\/wp-json\/wp\/v2\/media?parent=30557"}],"wp:term":[{"taxonomy":"categorias-de-pagina","embeddable":true,"href":"https:\/\/ani.pt\/en\/wp-json\/wp\/v2\/categorias-de-pagina?post=30557"}],"curies":[{"name":"wp","href":"https:\/\/api.w.org\/{rel}","templated":true}]}}