{"id":29814,"date":"2024-10-25T10:32:45","date_gmt":"2024-10-25T10:32:45","guid":{"rendered":"https:\/\/ani.pt\/accessibility-policy\/"},"modified":"2024-10-25T15:30:12","modified_gmt":"2024-10-25T15:30:12","slug":"accessibility-policy","status":"publish","type":"page","link":"https:\/\/ani.pt\/en\/accessibility-policy\/","title":{"rendered":"ACCESSIBILITY POLICY"},"content":{"rendered":"<p>[et_pb_section fb_built=&#8221;1&#8243; custom_padding_last_edited=&#8221;on|desktop&#8221; _builder_version=&#8221;4.25.1&#8243; _module_preset=&#8221;default&#8221; background_enable_image=&#8221;off&#8221; parallax=&#8221;on&#8221; background_video_mp4=&#8221;https:\/\/ani.pt\/wp-content\/uploads\/2024\/06\/faqs_banner_nvo_v2.mp4&#8243; custom_margin=&#8221;|0px||0px|false|false&#8221; custom_padding=&#8221;150px|0px|200px|0px|false|false&#8221; custom_padding_tablet=&#8221;150px||150px||true|false&#8221; custom_padding_phone=&#8221;150px||150px||true|false&#8221; da_disable_devices=&#8221;off|off|off&#8221; global_colors_info=&#8221;{}&#8221; da_is_popup=&#8221;off&#8221; da_exit_intent=&#8221;off&#8221; da_has_close=&#8221;on&#8221; da_alt_close=&#8221;off&#8221; da_dark_close=&#8221;off&#8221; da_not_modal=&#8221;on&#8221; da_is_singular=&#8221;off&#8221; da_with_loader=&#8221;off&#8221; da_has_shadow=&#8221;on&#8221;][\/et_pb_section][et_pb_section fb_built=&#8221;1&#8243; _builder_version=&#8221;4.25.2&#8243; _module_preset=&#8221;default&#8221; background_image=&#8221;https:\/\/ani.pt\/wp-content\/uploads\/2024\/05\/ani-agenda-de-inovacao-nova-imagem-bg.png&#8221; height=&#8221;20px&#8221; custom_margin=&#8221;0px|0px|0px|0px|false|false&#8221; custom_padding=&#8221;0px|0px|0px|0px|false|false&#8221; da_disable_devices=&#8221;off|off|off&#8221; global_colors_info=&#8221;{}&#8221; da_is_popup=&#8221;off&#8221; da_exit_intent=&#8221;off&#8221; da_has_close=&#8221;on&#8221; da_alt_close=&#8221;off&#8221; da_dark_close=&#8221;off&#8221; da_not_modal=&#8221;on&#8221; da_is_singular=&#8221;off&#8221; da_with_loader=&#8221;off&#8221; da_has_shadow=&#8221;on&#8221;][\/et_pb_section][et_pb_section fb_built=&#8221;1&#8243; custom_padding_last_edited=&#8221;on|desktop&#8221; _builder_version=&#8221;4.22.2&#8243; _module_preset=&#8221;default&#8221; custom_padding=&#8221;15px||||false|false&#8221; custom_padding_tablet=&#8221;15px||25px||false|false&#8221; custom_padding_phone=&#8221;15px||||false|false&#8221; da_disable_devices=&#8221;off|off|off&#8221; global_colors_info=&#8221;{}&#8221; da_is_popup=&#8221;off&#8221; da_exit_intent=&#8221;off&#8221; da_has_close=&#8221;on&#8221; da_alt_close=&#8221;off&#8221; da_dark_close=&#8221;off&#8221; da_not_modal=&#8221;on&#8221; da_is_singular=&#8221;off&#8221; da_with_loader=&#8221;off&#8221; da_has_shadow=&#8221;on&#8221;][et_pb_row _builder_version=&#8221;4.22.2&#8243; _module_preset=&#8221;default&#8221; width=&#8221;100%&#8221; width_tablet=&#8221;100%&#8221; width_phone=&#8221;100%&#8221; width_last_edited=&#8221;on|desktop&#8221; max_width=&#8221;80%&#8221; max_width_tablet=&#8221;80%&#8221; max_width_phone=&#8221;80%&#8221; max_width_last_edited=&#8221;on|desktop&#8221; custom_padding=&#8221;||0px||false|false&#8221; global_colors_info=&#8221;{}&#8221;][et_pb_column type=&#8221;4_4&#8243; _builder_version=&#8221;4.22.2&#8243; _module_preset=&#8221;default&#8221; global_colors_info=&#8221;{}&#8221;][et_pb_code module_class=&#8221;breadcrumbs-module&#8221; _builder_version=&#8221;4.22.2&#8243; _module_preset=&#8221;default&#8221; global_colors_info=&#8221;{}&#8221;]<span><span><a href=\"https:\/\/ani.pt\/en\/\">Homepage<\/a><\/span><\/span>[\/et_pb_code][et_pb_text _builder_version=&#8221;4.27.2&#8243; _module_preset=&#8221;default&#8221; header_font=&#8221;|700|||||||&#8221; header_text_color=&#8221;#ff5869&#8243; header_font_size=&#8221;4.5em&#8221; custom_margin=&#8221;||0px||false|false&#8221; text_font_size_tablet=&#8221;&#8221; text_font_size_phone=&#8221;11px&#8221; text_font_size_last_edited=&#8221;on|phone&#8221; header_font_size_tablet=&#8221;4.5em&#8221; header_font_size_phone=&#8221;3.5em&#8221; header_font_size_last_edited=&#8221;on|phone&#8221; global_colors_info=&#8221;{}&#8221;]<\/p>\n<h1><b><span lang=\"PT\">ACCESSIBILITY POLICY <\/span><\/b><\/h1>\n<p>[\/et_pb_text][et_pb_divider color=&#8221;#3dbdc0&#8243; divider_weight=&#8221;6px&#8221; _builder_version=&#8221;4.22.2&#8243; _module_preset=&#8221;default&#8221; width=&#8221;10%&#8221; width_tablet=&#8221;10%&#8221; width_phone=&#8221;25%&#8221; width_last_edited=&#8221;on|phone&#8221; custom_margin=&#8221;||35px|700px|false|false&#8221; custom_margin_tablet=&#8221;|||135px|false|false&#8221; custom_margin_phone=&#8221;||20px|135px|false|false&#8221; custom_margin_last_edited=&#8221;on|desktop&#8221; global_colors_info=&#8221;{}&#8221;][\/et_pb_divider][\/et_pb_column][\/et_pb_row][et_pb_row use_custom_gutter=&#8221;on&#8221; make_equal=&#8221;on&#8221; custom_padding_last_edited=&#8221;on|tablet&#8221; _builder_version=&#8221;4.22.2&#8243; _module_preset=&#8221;default&#8221; width=&#8221;100%&#8221; width_tablet=&#8221;100%&#8221; width_phone=&#8221;100%&#8221; width_last_edited=&#8221;on|desktop&#8221; max_width=&#8221;80%&#8221; max_width_tablet=&#8221;80%&#8221; max_width_phone=&#8221;80%&#8221; max_width_last_edited=&#8221;on|desktop&#8221; custom_margin=&#8221;-6px|auto|-66px|auto|false|false&#8221; custom_margin_tablet=&#8221;0px||||false|false&#8221; custom_margin_phone=&#8221;0px||||false|false&#8221; custom_margin_last_edited=&#8221;on|tablet&#8221; custom_padding=&#8221;0px||||false|false&#8221; custom_padding_tablet=&#8221;0px||||false|false&#8221; custom_padding_phone=&#8221;0px||||false|false&#8221; global_colors_info=&#8221;{}&#8221;][et_pb_column type=&#8221;4_4&#8243; _builder_version=&#8221;4.22.2&#8243; _module_preset=&#8221;default&#8221; custom_padding=&#8221;||||false|false&#8221; custom_padding_tablet=&#8221;30px|0px||0px|false|true&#8221; custom_padding_phone=&#8221;30px|0px||0px|false|true&#8221; custom_padding_last_edited=&#8221;on|desktop&#8221; global_colors_info=&#8221;{}&#8221;][et_pb_text _builder_version=&#8221;4.27.2&#8243; _module_preset=&#8221;default&#8221; text_font_size=&#8221;1.3em&#8221; text_line_height=&#8221;1.3em&#8221; header_2_text_color=&#8221;#3dbdc0&#8243; header_2_font_size=&#8221;2.2vw&#8221; header_3_text_color=&#8221;#9f9f9f&#8221; custom_margin=&#8221;33px||15px||false|false&#8221; custom_margin_tablet=&#8221;0px||15px||false|false&#8221; custom_margin_phone=&#8221;||15px||false|false&#8221; custom_margin_last_edited=&#8221;on|desktop&#8221; hover_enabled=&#8221;0&#8243; text_font_size_tablet=&#8221;&#8221; text_font_size_phone=&#8221;&#8221; text_font_size_last_edited=&#8221;on|desktop&#8221; header_2_font_size_tablet=&#8221;2.2vw&#8221; header_2_font_size_phone=&#8221;2.2vw&#8221; header_2_font_size_last_edited=&#8221;on|desktop&#8221; global_colors_info=&#8221;{}&#8221; sticky_enabled=&#8221;0&#8243;]<\/p>\n<p><strong>ANI \u2013 Ag\u00eancia Nacional de Inova\u00e7\u00e3o is committed to providing the website ani.pt in compliance with Decree-Law No. 83\/2018, of October 19, which transposes Directive (EU) 2016\/2102 of the European Parliament and of the Council on the accessibility of websites and mobile applications.<\/strong><\/p>\n<p>[\/et_pb_text][et_pb_text _builder_version=&#8221;4.27.2&#8243; _module_preset=&#8221;default&#8221; text_font_size=&#8221;1.3em&#8221; text_line_height=&#8221;1.3em&#8221; link_font=&#8221;|700|||||||&#8221; link_text_color=&#8221;#7d55c7&#8243; header_font=&#8221;|600|||||||&#8221; header_text_color=&#8221;#3DBDC0&#8243; header_font_size=&#8221;1.5em&#8221; header_2_font=&#8221;|600|||||||&#8221; header_2_text_color=&#8221;#2a3163&#8243; header_2_font_size=&#8221;1.5em&#8221; header_3_text_color=&#8221;#9f9f9f&#8221; custom_margin=&#8221;40px||0px||false|false&#8221; custom_margin_tablet=&#8221;||15px||false|false&#8221; custom_margin_phone=&#8221;||15px||false|false&#8221; custom_margin_last_edited=&#8221;off|desktop&#8221; text_font_size_tablet=&#8221;&#8221; text_font_size_phone=&#8221;&#8221; text_font_size_last_edited=&#8221;on|desktop&#8221; header_2_font_size_tablet=&#8221;2.2vw&#8221; header_2_font_size_phone=&#8221;2.2vw&#8221; header_2_font_size_last_edited=&#8221;off|desktop&#8221; global_colors_info=&#8221;{}&#8221;]<\/p>\n<h2><b>Compliance status  <\/b><\/h2>\n<p>[\/et_pb_text][et_pb_text _builder_version=&#8221;4.27.2&#8243; _module_preset=&#8221;default&#8221; text_font_size=&#8221;1.3em&#8221; text_line_height=&#8221;1.3em&#8221; header_2_text_color=&#8221;#3dbdc0&#8243; header_2_font_size=&#8221;2.2vw&#8221; header_3_text_color=&#8221;#9f9f9f&#8221; custom_margin=&#8221;0px||0px||false|false&#8221; custom_margin_tablet=&#8221;||15px||false|false&#8221; custom_margin_phone=&#8221;||15px||false|false&#8221; custom_margin_last_edited=&#8221;on|desktop&#8221; text_font_size_tablet=&#8221;&#8221; text_font_size_phone=&#8221;&#8221; text_font_size_last_edited=&#8221;on|desktop&#8221; header_2_font_size_tablet=&#8221;2.2vw&#8221; header_2_font_size_phone=&#8221;2.2vw&#8221; header_2_font_size_last_edited=&#8221;on|desktop&#8221; global_colors_info=&#8221;{}&#8221;]<\/p>\n<p>The ani.pt website is fully compliant with Decree-Law 83\/2018, of October 19.<\/p>\n<p>[\/et_pb_text][\/et_pb_column][\/et_pb_row][\/et_pb_section][et_pb_section fb_built=&#8221;1&#8243; custom_padding_last_edited=&#8221;on|desktop&#8221; _builder_version=&#8221;4.22.2&#8243; _module_preset=&#8221;default&#8221; background_color=&#8221;RGBA(255,255,255,0)&#8221; custom_margin=&#8221;||0px||false|false&#8221; custom_padding=&#8221;15px||25px||false|false&#8221; custom_padding_tablet=&#8221;15px||25px||false|false&#8221; custom_padding_phone=&#8221;15px||||false|false&#8221; da_disable_devices=&#8221;off|off|off&#8221; global_colors_info=&#8221;{}&#8221; da_is_popup=&#8221;off&#8221; da_exit_intent=&#8221;off&#8221; da_has_close=&#8221;on&#8221; da_alt_close=&#8221;off&#8221; da_dark_close=&#8221;off&#8221; da_not_modal=&#8221;on&#8221; da_is_singular=&#8221;off&#8221; da_with_loader=&#8221;off&#8221; da_has_shadow=&#8221;on&#8221;][et_pb_row custom_padding_last_edited=&#8221;on|tablet&#8221; _builder_version=&#8221;4.22.2&#8243; _module_preset=&#8221;default&#8221; width=&#8221;100%&#8221; width_tablet=&#8221;100%&#8221; width_phone=&#8221;100%&#8221; width_last_edited=&#8221;on|desktop&#8221; max_width=&#8221;80%&#8221; max_width_tablet=&#8221;80%&#8221; max_width_phone=&#8221;80%&#8221; max_width_last_edited=&#8221;on|desktop&#8221; custom_margin_tablet=&#8221;||20px||false|false&#8221; custom_margin_phone=&#8221;||20px||false|false&#8221; custom_margin_last_edited=&#8221;on|tablet&#8221; custom_padding=&#8221;5px||5px||true|false&#8221; custom_padding_tablet=&#8221;||||true|false&#8221; custom_padding_phone=&#8221;||||true|false&#8221; global_colors_info=&#8221;{}&#8221;][et_pb_column type=&#8221;4_4&#8243; _builder_version=&#8221;4.22.2&#8243; _module_preset=&#8221;default&#8221; global_colors_info=&#8221;{}&#8221;][et_pb_toggle title=&#8221;Usability tests with people with disabilities&#8221; open_toggle_text_color=&#8221;#2a3163&#8243; open_toggle_background_color=&#8221;#FFFFFF&#8221; closed_toggle_background_color=&#8221;#FFFFFF&#8221; icon_color=&#8221;#ff5869&#8243; toggle_icon=&#8221;&#x33;||divi||400&#8243; use_icon_font_size=&#8221;on&#8221; icon_font_size=&#8221;50px&#8221; open_icon_color=&#8221;#ff5869&#8243; open_toggle_icon=&#8221;&#x32;||divi||400&#8243; open_use_icon_font_size=&#8221;on&#8221; open_icon_font_size=&#8221;50px&#8221; icon_font_size_tablet=&#8221;50px&#8221; icon_font_size_phone=&#8221;40px&#8221; icon_font_size_last_edited=&#8221;on|desktop&#8221; open_icon_font_size_tablet=&#8221;50px&#8221; open_icon_font_size_phone=&#8221;40px&#8221; open_icon_font_size_last_edited=&#8221;on|desktop&#8221; _builder_version=&#8221;4.25.1&#8243; _module_preset=&#8221;default&#8221; title_text_color=&#8221;#2a3163&#8243; title_level=&#8221;h2&#8243; title_font=&#8221;|700|||||||&#8221; title_font_size=&#8221;1.5em&#8221; body_text_color=&#8221;#666666&#8243; body_font_size=&#8221;1.3em&#8221; body_line_height=&#8221;1.4em&#8221; body_link_font=&#8221;|700|||on||||&#8221; body_link_text_color=&#8221;#7d55c7&#8243; body_link_font_size=&#8221;1em&#8221; background_enable_color=&#8221;off&#8221; custom_margin=&#8221;0px||0px||false|false&#8221; custom_padding=&#8221;|0px||0px|false|false&#8221; title_font_size_tablet=&#8221;&#8221; title_font_size_phone=&#8221;&#8221; title_font_size_last_edited=&#8221;on|desktop&#8221; body_font_size_tablet=&#8221;&#8221; body_font_size_phone=&#8221;&#8221; body_font_size_last_edited=&#8221;on|desktop&#8221; body_line_height_tablet=&#8221;1.4em&#8221; body_line_height_phone=&#8221;1.4em&#8221; body_line_height_last_edited=&#8221;on|desktop&#8221; custom_css_toggle_icon=&#8221;margin-right:11px;&#8221; border_width_all=&#8221;0px&#8221; border_width_bottom=&#8221;1px&#8221; border_color_bottom=&#8221;#707070&#8243; global_colors_info=&#8221;{}&#8221;]<\/p>\n<p>The ani.pt website has not yet undergone usability testing with users with disabilities.<\/p>\n<p>[\/et_pb_toggle][et_pb_toggle title=&#8221;Contacto e solicita\u00e7\u00e3o de informa\u00e7\u00e3o relativa ao s\u00edtio Web &#8221; open_toggle_text_color=&#8221;#2a3163&#8243; open_toggle_background_color=&#8221;#FFFFFF&#8221; closed_toggle_background_color=&#8221;#FFFFFF&#8221; icon_color=&#8221;#ff5869&#8243; toggle_icon=&#8221;&#x33;||divi||400&#8243; use_icon_font_size=&#8221;on&#8221; icon_font_size=&#8221;50px&#8221; open_icon_color=&#8221;#ff5869&#8243; open_toggle_icon=&#8221;&#x32;||divi||400&#8243; open_use_icon_font_size=&#8221;on&#8221; open_icon_font_size=&#8221;50px&#8221; icon_font_size_tablet=&#8221;50px&#8221; icon_font_size_phone=&#8221;40px&#8221; icon_font_size_last_edited=&#8221;on|desktop&#8221; open_icon_font_size_tablet=&#8221;50px&#8221; open_icon_font_size_phone=&#8221;40px&#8221; open_icon_font_size_last_edited=&#8221;on|desktop&#8221; _builder_version=&#8221;4.25.1&#8243; _module_preset=&#8221;default&#8221; title_text_color=&#8221;#2a3163&#8243; title_level=&#8221;h2&#8243; title_font=&#8221;|700|||||||&#8221; title_font_size=&#8221;1.5em&#8221; body_text_color=&#8221;#666666&#8243; body_font_size=&#8221;1.3em&#8221; body_line_height=&#8221;1.4em&#8221; body_link_font=&#8221;|700|||on||||&#8221; body_link_text_color=&#8221;#7d55c7&#8243; background_enable_color=&#8221;off&#8221; custom_margin=&#8221;0px||0px||false|false&#8221; custom_padding=&#8221;|0px||0px|false|false&#8221; title_font_size_tablet=&#8221;&#8221; title_font_size_phone=&#8221;&#8221; title_font_size_last_edited=&#8221;on|desktop&#8221; body_font_size_tablet=&#8221;&#8221; body_font_size_phone=&#8221;&#8221; body_font_size_last_edited=&#8221;on|desktop&#8221; body_line_height_tablet=&#8221;1.4em&#8221; body_line_height_phone=&#8221;1.4em&#8221; body_line_height_last_edited=&#8221;on|desktop&#8221; custom_css_toggle_icon=&#8221;margin-right:11px;&#8221; border_width_all=&#8221;0px&#8221; border_width_bottom=&#8221;1px&#8221; border_color_bottom=&#8221;#707070&#8243; global_colors_info=&#8221;{}&#8221;]<\/p>\n<p><span>To contact, send suggestions, make complaints, or request additional information regarding the contents and\/or functionalities of the ani.pt website, please use the email <\/span><a href=\"mailto:info@ani.pt\"><span>info@ani.pt<\/span><\/a>.<\/p>\n<p>[\/et_pb_toggle][et_pb_toggle title=&#8221;Den\u00fancia de situa\u00e7\u00f5es de discrimina\u00e7\u00e3o &#8221; open_toggle_text_color=&#8221;#2a3163&#8243; open_toggle_background_color=&#8221;#FFFFFF&#8221; closed_toggle_background_color=&#8221;#FFFFFF&#8221; icon_color=&#8221;#ff5869&#8243; toggle_icon=&#8221;&#x33;||divi||400&#8243; use_icon_font_size=&#8221;on&#8221; icon_font_size=&#8221;50px&#8221; open_icon_color=&#8221;#ff5869&#8243; open_toggle_icon=&#8221;&#x32;||divi||400&#8243; open_use_icon_font_size=&#8221;on&#8221; open_icon_font_size=&#8221;50px&#8221; icon_font_size_tablet=&#8221;50px&#8221; icon_font_size_phone=&#8221;40px&#8221; icon_font_size_last_edited=&#8221;on|desktop&#8221; open_icon_font_size_tablet=&#8221;50px&#8221; open_icon_font_size_phone=&#8221;40px&#8221; open_icon_font_size_last_edited=&#8221;on|desktop&#8221; _builder_version=&#8221;4.25.1&#8243; _module_preset=&#8221;default&#8221; title_text_color=&#8221;#2a3163&#8243; title_level=&#8221;h2&#8243; title_font=&#8221;|700|||||||&#8221; title_font_size=&#8221;1.5em&#8221; body_text_color=&#8221;#666666&#8243; body_font_size=&#8221;1.3em&#8221; body_line_height=&#8221;1.4em&#8221; body_link_font=&#8221;|700|||on||||&#8221; body_link_text_color=&#8221;#7d55c7&#8243; background_enable_color=&#8221;off&#8221; custom_margin=&#8221;0px||0px||false|false&#8221; custom_padding=&#8221;|0px||0px|false|false&#8221; title_font_size_tablet=&#8221;&#8221; title_font_size_phone=&#8221;&#8221; title_font_size_last_edited=&#8221;on|desktop&#8221; body_font_size_tablet=&#8221;&#8221; body_font_size_phone=&#8221;&#8221; body_font_size_last_edited=&#8221;on|desktop&#8221; body_line_height_tablet=&#8221;1.4em&#8221; body_line_height_phone=&#8221;1.4em&#8221; body_line_height_last_edited=&#8221;on|desktop&#8221; custom_css_toggle_icon=&#8221;margin-right:11px;&#8221; border_width_all=&#8221;0px&#8221; border_width_bottom=&#8221;1px&#8221; border_color_bottom=&#8221;#707070&#8243; global_colors_info=&#8221;{}&#8221;]<\/p>\n<p>According to Article 13, No. 1 of Decree-Law No. 83\/2018, of October 19, whenever a person with a disability is treated less favorably than another person in a comparable situation, constituting discriminatory behavior against people with disabilities, as provided for and punishable under Article 4 of Law No. 46\/2006, of August 28, that person may file a complaint in accordance with Decree-Law No. 34\/2007, of February 15.<\/p>\n<p>The National Institute for Rehabilitation (INR, I.P.) provides a form to report cases of discrimination, forwarding the complaints to the relevant authorities. Annually, INR, I.P. prepares an annual report on the application of the law prohibiting and punishing discrimination based on disability or increased health risks (Law No. 46\/2006, of August 28).<\/p>\n<p>[\/et_pb_toggle][\/et_pb_column][\/et_pb_row][\/et_pb_section]<\/p>\n","protected":false},"excerpt":{"rendered":"<p><span><span><a href=\"https:\/\/ani.pt\/en\/\">Homepage<\/a><\/span><\/span>ACCESSIBILITY POLICY ANI \u2013 Ag\u00eancia Nacional de Inova\u00e7\u00e3o is committed to providing the website ani.pt in compliance with Decree-Law No. 83\/2018, of October 19, which transposes Directive (EU) 2016\/2102 of the European Parliament and of the Council on the accessibility of websites and mobile applications.Compliance status The ani.pt website is fully compliant with Decree-Law 83\/2018, [&hellip;]<\/p>\n","protected":false},"author":2,"featured_media":29805,"parent":0,"menu_order":0,"comment_status":"closed","ping_status":"closed","template":"","meta":{"_acf_changed":false,"_et_pb_use_builder":"on","_et_pb_old_content":"","_et_gb_content_width":"","footnotes":""},"categorias-de-pagina":[],"class_list":["post-29814","page","type-page","status-publish","has-post-thumbnail","hentry"],"acf":[],"yoast_head":"<!-- This site is optimized with the Yoast SEO plugin v27.5 - https:\/\/yoast.com\/product\/yoast-seo-wordpress\/ -->\n<title>ACCESSIBILITY POLICY - ANI<\/title>\n<meta name=\"robots\" content=\"index, follow, max-snippet:-1, max-image-preview:large, max-video-preview:-1\" \/>\n<link rel=\"canonical\" href=\"https:\/\/ani.pt\/en\/accessibility-policy\/\" \/>\n<meta property=\"og:locale\" content=\"en_US\" \/>\n<meta property=\"og:type\" content=\"article\" \/>\n<meta property=\"og:title\" content=\"ACCESSIBILITY POLICY - ANI\" \/>\n<meta property=\"og:description\" content=\"ACCESSIBILITY POLICY ANI \u2013 Ag\u00eancia Nacional de Inova\u00e7\u00e3o is committed to providing the website ani.pt in compliance with Decree-Law No. 83\/2018, of October 19, which transposes Directive (EU) 2016\/2102 of the European Parliament and of the Council on the accessibility of websites and mobile applications.Compliance status The ani.pt website is fully compliant with Decree-Law 83\/2018, [&hellip;]\" \/>\n<meta property=\"og:url\" content=\"https:\/\/ani.pt\/en\/accessibility-policy\/\" \/>\n<meta property=\"og:site_name\" content=\"ANI\" \/>\n<meta property=\"article:publisher\" content=\"https:\/\/www.facebook.com\/agencianacionaldeinovacao\/\" \/>\n<meta property=\"article:modified_time\" content=\"2024-10-25T15:30:12+00:00\" \/>\n<meta property=\"og:image\" content=\"https:\/\/ani.pt\/wp-content\/uploads\/2024\/10\/Acessibilidade.jpg\" \/>\n\t<meta property=\"og:image:width\" content=\"2000\" \/>\n\t<meta property=\"og:image:height\" content=\"1230\" \/>\n\t<meta property=\"og:image:type\" content=\"image\/jpeg\" \/>\n<meta name=\"twitter:card\" content=\"summary_large_image\" \/>\n<meta name=\"twitter:label1\" content=\"Est. reading time\" \/>\n\t<meta name=\"twitter:data1\" content=\"10 minutes\" \/>\n<script type=\"application\/ld+json\" class=\"yoast-schema-graph\">{\"@context\":\"https:\\\/\\\/schema.org\",\"@graph\":[{\"@type\":\"WebPage\",\"@id\":\"https:\\\/\\\/ani.pt\\\/en\\\/accessibility-policy\\\/\",\"url\":\"https:\\\/\\\/ani.pt\\\/en\\\/accessibility-policy\\\/\",\"name\":\"ACCESSIBILITY POLICY - ANI\",\"isPartOf\":{\"@id\":\"https:\\\/\\\/ani.pt\\\/en\\\/#website\"},\"primaryImageOfPage\":{\"@id\":\"https:\\\/\\\/ani.pt\\\/en\\\/accessibility-policy\\\/#primaryimage\"},\"image\":{\"@id\":\"https:\\\/\\\/ani.pt\\\/en\\\/accessibility-policy\\\/#primaryimage\"},\"thumbnailUrl\":\"https:\\\/\\\/ani.pt\\\/wp-content\\\/uploads\\\/2024\\\/10\\\/Acessibilidade.jpg\",\"datePublished\":\"2024-10-25T10:32:45+00:00\",\"dateModified\":\"2024-10-25T15:30:12+00:00\",\"breadcrumb\":{\"@id\":\"https:\\\/\\\/ani.pt\\\/en\\\/accessibility-policy\\\/#breadcrumb\"},\"inLanguage\":\"en-US\",\"potentialAction\":[{\"@type\":\"ReadAction\",\"target\":[\"https:\\\/\\\/ani.pt\\\/en\\\/accessibility-policy\\\/\"]}]},{\"@type\":\"ImageObject\",\"inLanguage\":\"en-US\",\"@id\":\"https:\\\/\\\/ani.pt\\\/en\\\/accessibility-policy\\\/#primaryimage\",\"url\":\"https:\\\/\\\/ani.pt\\\/wp-content\\\/uploads\\\/2024\\\/10\\\/Acessibilidade.jpg\",\"contentUrl\":\"https:\\\/\\\/ani.pt\\\/wp-content\\\/uploads\\\/2024\\\/10\\\/Acessibilidade.jpg\",\"width\":2000,\"height\":1230},{\"@type\":\"BreadcrumbList\",\"@id\":\"https:\\\/\\\/ani.pt\\\/en\\\/accessibility-policy\\\/#breadcrumb\",\"itemListElement\":[{\"@type\":\"ListItem\",\"position\":1,\"name\":\"Homepage\",\"item\":\"https:\\\/\\\/ani.pt\\\/en\\\/\"},{\"@type\":\"ListItem\",\"position\":2,\"name\":\"ACCESSIBILITY POLICY\"}]},{\"@type\":\"WebSite\",\"@id\":\"https:\\\/\\\/ani.pt\\\/en\\\/#website\",\"url\":\"https:\\\/\\\/ani.pt\\\/en\\\/\",\"name\":\"ANI\",\"description\":\"\",\"potentialAction\":[{\"@type\":\"SearchAction\",\"target\":{\"@type\":\"EntryPoint\",\"urlTemplate\":\"https:\\\/\\\/ani.pt\\\/en\\\/?s={search_term_string}\"},\"query-input\":{\"@type\":\"PropertyValueSpecification\",\"valueRequired\":true,\"valueName\":\"search_term_string\"}}],\"inLanguage\":\"en-US\"}]}<\/script>\n<!-- \/ Yoast SEO plugin. -->","yoast_head_json":{"title":"ACCESSIBILITY POLICY - ANI","robots":{"index":"index","follow":"follow","max-snippet":"max-snippet:-1","max-image-preview":"max-image-preview:large","max-video-preview":"max-video-preview:-1"},"canonical":"https:\/\/ani.pt\/en\/accessibility-policy\/","og_locale":"en_US","og_type":"article","og_title":"ACCESSIBILITY POLICY - ANI","og_description":"ACCESSIBILITY POLICY ANI \u2013 Ag\u00eancia Nacional de Inova\u00e7\u00e3o is committed to providing the website ani.pt in compliance with Decree-Law No. 83\/2018, of October 19, which transposes Directive (EU) 2016\/2102 of the European Parliament and of the Council on the accessibility of websites and mobile applications.Compliance status The ani.pt website is fully compliant with Decree-Law 83\/2018, [&hellip;]","og_url":"https:\/\/ani.pt\/en\/accessibility-policy\/","og_site_name":"ANI","article_publisher":"https:\/\/www.facebook.com\/agencianacionaldeinovacao\/","article_modified_time":"2024-10-25T15:30:12+00:00","og_image":[{"width":2000,"height":1230,"url":"https:\/\/ani.pt\/wp-content\/uploads\/2024\/10\/Acessibilidade.jpg","type":"image\/jpeg"}],"twitter_card":"summary_large_image","twitter_misc":{"Est. reading time":"10 minutes"},"schema":{"@context":"https:\/\/schema.org","@graph":[{"@type":"WebPage","@id":"https:\/\/ani.pt\/en\/accessibility-policy\/","url":"https:\/\/ani.pt\/en\/accessibility-policy\/","name":"ACCESSIBILITY POLICY - ANI","isPartOf":{"@id":"https:\/\/ani.pt\/en\/#website"},"primaryImageOfPage":{"@id":"https:\/\/ani.pt\/en\/accessibility-policy\/#primaryimage"},"image":{"@id":"https:\/\/ani.pt\/en\/accessibility-policy\/#primaryimage"},"thumbnailUrl":"https:\/\/ani.pt\/wp-content\/uploads\/2024\/10\/Acessibilidade.jpg","datePublished":"2024-10-25T10:32:45+00:00","dateModified":"2024-10-25T15:30:12+00:00","breadcrumb":{"@id":"https:\/\/ani.pt\/en\/accessibility-policy\/#breadcrumb"},"inLanguage":"en-US","potentialAction":[{"@type":"ReadAction","target":["https:\/\/ani.pt\/en\/accessibility-policy\/"]}]},{"@type":"ImageObject","inLanguage":"en-US","@id":"https:\/\/ani.pt\/en\/accessibility-policy\/#primaryimage","url":"https:\/\/ani.pt\/wp-content\/uploads\/2024\/10\/Acessibilidade.jpg","contentUrl":"https:\/\/ani.pt\/wp-content\/uploads\/2024\/10\/Acessibilidade.jpg","width":2000,"height":1230},{"@type":"BreadcrumbList","@id":"https:\/\/ani.pt\/en\/accessibility-policy\/#breadcrumb","itemListElement":[{"@type":"ListItem","position":1,"name":"Homepage","item":"https:\/\/ani.pt\/en\/"},{"@type":"ListItem","position":2,"name":"ACCESSIBILITY POLICY"}]},{"@type":"WebSite","@id":"https:\/\/ani.pt\/en\/#website","url":"https:\/\/ani.pt\/en\/","name":"ANI","description":"","potentialAction":[{"@type":"SearchAction","target":{"@type":"EntryPoint","urlTemplate":"https:\/\/ani.pt\/en\/?s={search_term_string}"},"query-input":{"@type":"PropertyValueSpecification","valueRequired":true,"valueName":"search_term_string"}}],"inLanguage":"en-US"}]}},"_links":{"self":[{"href":"https:\/\/ani.pt\/en\/wp-json\/wp\/v2\/pages\/29814","targetHints":{"allow":["GET"]}}],"collection":[{"href":"https:\/\/ani.pt\/en\/wp-json\/wp\/v2\/pages"}],"about":[{"href":"https:\/\/ani.pt\/en\/wp-json\/wp\/v2\/types\/page"}],"author":[{"embeddable":true,"href":"https:\/\/ani.pt\/en\/wp-json\/wp\/v2\/users\/2"}],"replies":[{"embeddable":true,"href":"https:\/\/ani.pt\/en\/wp-json\/wp\/v2\/comments?post=29814"}],"version-history":[{"count":6,"href":"https:\/\/ani.pt\/en\/wp-json\/wp\/v2\/pages\/29814\/revisions"}],"predecessor-version":[{"id":29835,"href":"https:\/\/ani.pt\/en\/wp-json\/wp\/v2\/pages\/29814\/revisions\/29835"}],"wp:featuredmedia":[{"embeddable":true,"href":"https:\/\/ani.pt\/en\/wp-json\/wp\/v2\/media\/29805"}],"wp:attachment":[{"href":"https:\/\/ani.pt\/en\/wp-json\/wp\/v2\/media?parent=29814"}],"wp:term":[{"taxonomy":"categorias-de-pagina","embeddable":true,"href":"https:\/\/ani.pt\/en\/wp-json\/wp\/v2\/categorias-de-pagina?post=29814"}],"curies":[{"name":"wp","href":"https:\/\/api.w.org\/{rel}","templated":true}]}}