{"id":29611,"date":"2024-08-06T13:42:27","date_gmt":"2024-08-06T13:42:27","guid":{"rendered":"https:\/\/ani.pt\/im-looking-for-internationalizing-innovation\/"},"modified":"2025-11-18T11:18:13","modified_gmt":"2025-11-18T11:18:14","slug":"im-looking-for-internationalizing-innovation","status":"publish","type":"page","link":"https:\/\/ani.pt\/en\/im-looking-for-internationalizing-innovation\/","title":{"rendered":"I&#8217;m looking for&#8230;Internationalizing Innovation"},"content":{"rendered":"<p>[et_pb_section fb_built=&#8221;1&#8243; admin_label=&#8221;Section&#8221; module_id=&#8221;o-que-procura&#8221; _builder_version=&#8221;4.27.0&#8243; _module_preset=&#8221;default&#8221; background_image=&#8221;https:\/\/ani.pt\/wp-content\/uploads\/2024\/08\/banner-procuro-internacionalizar-.jpg&#8221; background_position=&#8221;center_left&#8221; background_enable_video_mp4=&#8221;off&#8221; height=&#8221;100vh&#8221; custom_padding=&#8221;||0px||false|false&#8221; background_last_edited=&#8221;on|phone&#8221; use_background_color_gradient_tablet=&#8221;on&#8221; background_color_gradient_stops_tablet=&#8221;rgba(10,1,1,0) 0%|rgba(41,196,169,0) 32%&#8221; background_enable_image_tablet=&#8221;off&#8221; background_enable_image_phone=&#8221;off&#8221; da_popup_slug=&#8221;o-que-procura&#8221; da_is_singular=&#8221;on&#8221; da_dark_close=&#8221;on&#8221; da_alt_close=&#8221;on&#8221; da_disable_devices=&#8221;off|off|off&#8221; global_colors_info=&#8221;{}&#8221; da_is_popup=&#8221;off&#8221; da_exit_intent=&#8221;off&#8221; da_has_close=&#8221;on&#8221; da_not_modal=&#8221;on&#8221; da_with_loader=&#8221;off&#8221; da_has_shadow=&#8221;on&#8221;][et_pb_row custom_padding_last_edited=&#8221;on|desktop&#8221; _builder_version=&#8221;4.27.0&#8243; _module_preset=&#8221;default&#8221; width=&#8221;100%&#8221; max_width=&#8221;85%&#8221; custom_padding=&#8221;0px||0px||false|false&#8221; custom_padding_tablet=&#8221;35px||||false|false&#8221; custom_padding_phone=&#8221;0px||0px||false|false&#8221; sticky_limit_bottom=&#8221;section&#8221; global_colors_info=&#8221;{}&#8221;][et_pb_column type=&#8221;4_4&#8243; _builder_version=&#8221;4.22.2&#8243; _module_preset=&#8221;default&#8221; global_colors_info=&#8221;{}&#8221;][et_pb_text _builder_version=&#8221;4.27.0&#8243; _module_preset=&#8221;default&#8221; text_font=&#8221;DM Sans|700|||||||&#8221; text_text_color=&#8221;#FFFFFF&#8221; text_font_size=&#8221;3em&#8221; text_letter_spacing=&#8221;1px&#8221; text_line_height=&#8221;1.2em&#8221; custom_margin=&#8221;||15px||false|false&#8221; custom_margin_tablet=&#8221;-45px||||false|false&#8221; custom_margin_phone=&#8221;0px||||false|false&#8221; custom_margin_last_edited=&#8221;on|desktop&#8221; custom_padding_last_edited=&#8221;off|desktop&#8221; scroll_vertical_motion=&#8221;0|50|50|100|-3|0|0&#8243; scroll_horizontal_motion=&#8221;0|64|64|100|4|0|-4&#8243; scroll_fade=&#8221;0|65|65|100|0|100|0%&#8221; text_text_color_tablet=&#8221;#509096&#8243; text_text_color_phone=&#8221;#509096&#8243; text_text_color_last_edited=&#8221;on|phone&#8221; text_font_size_tablet=&#8221;4em&#8221; text_font_size_phone=&#8221;3em&#8221; text_font_size_last_edited=&#8221;on|desktop&#8221; text_line_height_tablet=&#8221;1em&#8221; text_line_height_phone=&#8221;1em&#8221; text_line_height_last_edited=&#8221;on|desktop&#8221; global_colors_info=&#8221;{}&#8221;]<\/p>\n<p>I&#8217;M LOOKING FOR&#8230;<\/p>\n<p>[\/et_pb_text][\/et_pb_column][\/et_pb_row][et_pb_row column_structure=&#8221;2_5,3_5&#8243; _builder_version=&#8221;4.27.0&#8243; _module_preset=&#8221;default&#8221; width=&#8221;100%&#8221; max_width=&#8221;85%&#8221; global_colors_info=&#8221;{}&#8221;][et_pb_column type=&#8221;2_5&#8243; _builder_version=&#8221;4.27.0&#8243; _module_preset=&#8221;default&#8221; global_colors_info=&#8221;{}&#8221;][et_pb_text _builder_version=&#8221;4.27.0&#8243; _dynamic_attributes=&#8221;link_option_url&#8221; _module_preset=&#8221;default&#8221; text_font=&#8221;DM Sans|700||||||#FFFFFF|&#8221; text_text_color=&#8221;#FFFFFF&#8221; text_font_size=&#8221;1.7em&#8221; width=&#8221;80%&#8221; custom_margin=&#8221;||30px||false|false&#8221; link_option_url=&#8221;@ET-DC@eyJkeW5hbWljIjp0cnVlLCJjb250ZW50IjoicG9zdF9saW5rX3VybF9wYWdlIiwic2V0dGluZ3MiOnsicG9zdF9pZCI6IjIzMTI3In19@&#8221; text_text_color_tablet=&#8221;#509096&#8243; text_text_color_phone=&#8221;#509096&#8243; text_text_color_last_edited=&#8221;on|phone&#8221; global_colors_info=&#8221;{}&#8221; text_letter_spacing__hover_enabled=&#8221;on|hover&#8221; text_letter_spacing__hover=&#8221;0.1em&#8221;]<\/p>\n<p>NATIONAL &amp; INTERNATIONAL CALLS<\/p>\n<p>[\/et_pb_text][et_pb_text _builder_version=&#8221;4.27.0&#8243; _dynamic_attributes=&#8221;link_option_url&#8221; _module_preset=&#8221;default&#8221; text_font=&#8221;DM Sans|700||||||#FFFFFF|&#8221; text_text_color=&#8221;#FFFFFF&#8221; text_font_size=&#8221;1.7em&#8221; width=&#8221;80%&#8221; custom_margin=&#8221;||30px||false|false&#8221; link_option_url=&#8221;@ET-DC@eyJkeW5hbWljIjp0cnVlLCJjb250ZW50IjoicG9zdF9saW5rX3VybF9wYWdlIiwic2V0dGluZ3MiOnsicG9zdF9pZCI6IjIzMTU4In19@&#8221; text_text_color_tablet=&#8221;#509096&#8243; text_text_color_phone=&#8221;#509096&#8243; text_text_color_last_edited=&#8221;on|phone&#8221; global_colors_info=&#8221;{}&#8221; text_letter_spacing__hover_enabled=&#8221;on|hover&#8221; text_letter_spacing__hover=&#8221;0.1em&#8221;]RESEARCH &amp; INNOVATION INCENTIVES[\/et_pb_text][et_pb_text _builder_version=&#8221;4.27.0&#8243; _module_preset=&#8221;default&#8221; text_font=&#8221;DM Sans|700|||on||||&#8221; text_text_color=&#8221;#FFFFFF&#8221; text_font_size=&#8221;1.7em&#8221; text_letter_spacing=&#8221;0.1em&#8221; width=&#8221;80%&#8221; custom_margin=&#8221;||30px||false|false&#8221; text_text_color_tablet=&#8221;#509096&#8243; text_text_color_phone=&#8221;#509096&#8243; text_text_color_last_edited=&#8221;on|phone&#8221; global_colors_info=&#8221;{}&#8221;]<\/p>\n<p>INTERNATIONALIZING INNOVATION<\/p>\n<p>[\/et_pb_text][et_pb_text disabled_on=&#8221;on|on|on&#8221; _builder_version=&#8221;4.27.0&#8243; _dynamic_attributes=&#8221;link_option_url&#8221; _module_preset=&#8221;default&#8221; text_font=&#8221;DM Sans|700||||||#FFFFFF|&#8221; text_text_color=&#8221;#FFFFFF&#8221; text_font_size=&#8221;1.7em&#8221; width=&#8221;80%&#8221; custom_margin=&#8221;||30px||false|false&#8221; link_option_url=&#8221;@ET-DC@eyJkeW5hbWljIjp0cnVlLCJjb250ZW50IjoicG9zdF9saW5rX3VybF9wYWdlIiwic2V0dGluZ3MiOnsicG9zdF9pZCI6IjIzMTY1In19@&#8221; text_text_color_tablet=&#8221;#509096&#8243; text_text_color_phone=&#8221;#509096&#8243; text_text_color_last_edited=&#8221;on|phone&#8221; disabled=&#8221;on&#8221; global_colors_info=&#8221;{}&#8221; text_letter_spacing__hover_enabled=&#8221;on|hover&#8221; text_letter_spacing__hover=&#8221;0.1em&#8221;]CoLAB and CTI[\/et_pb_text][et_pb_text disabled_on=&#8221;on|on|on&#8221; _builder_version=&#8221;4.27.0&#8243; _dynamic_attributes=&#8221;link_option_url&#8221; _module_preset=&#8221;default&#8221; text_font=&#8221;DM Sans|700||||||#FFFFFF|&#8221; text_text_color=&#8221;#FFFFFF&#8221; text_font_size=&#8221;1.7em&#8221; width=&#8221;80%&#8221; custom_margin=&#8221;||30px||false|false&#8221; link_option_url=&#8221;@ET-DC@eyJkeW5hbWljIjp0cnVlLCJjb250ZW50IjoicG9zdF9saW5rX3VybF9wYWdlIiwic2V0dGluZ3MiOnsicG9zdF9pZCI6IjIzMTY5In19@&#8221; text_text_color_tablet=&#8221;#509096&#8243; text_text_color_phone=&#8221;#509096&#8243; text_text_color_last_edited=&#8221;on|phone&#8221; disabled=&#8221;on&#8221; global_colors_info=&#8221;{}&#8221; text_letter_spacing__hover_enabled=&#8221;on|hover&#8221; text_letter_spacing__hover=&#8221;0.1em&#8221;]<\/p>\n<p>TEST BEDS, DIH, AND ZLT<\/p>\n<p>[\/et_pb_text][et_pb_text _builder_version=&#8221;4.27.0&#8243; _dynamic_attributes=&#8221;link_option_url&#8221; _module_preset=&#8221;default&#8221; text_font=&#8221;DM Sans|700||||||#FFFFFF|&#8221; text_text_color=&#8221;#FFFFFF&#8221; text_font_size=&#8221;1.7em&#8221; width=&#8221;80%&#8221; custom_margin=&#8221;||30px||false|false&#8221; link_option_url=&#8221;@ET-DC@eyJkeW5hbWljIjp0cnVlLCJjb250ZW50IjoicG9zdF9saW5rX3VybF9wYWdlIiwic2V0dGluZ3MiOnsicG9zdF9pZCI6IjIzMTczIn19@&#8221; text_text_color_tablet=&#8221;#509096&#8243; text_text_color_phone=&#8221;#509096&#8243; text_text_color_last_edited=&#8221;on|phone&#8221; global_colors_info=&#8221;{}&#8221; text_letter_spacing__hover_enabled=&#8221;on|hover&#8221; text_letter_spacing__hover=&#8221;0.1em&#8221;]<\/p>\n<p>INNOVATION PROJECTS<\/p>\n<p>[\/et_pb_text][et_pb_text _builder_version=&#8221;4.27.3&#8243; _dynamic_attributes=&#8221;link_option_url&#8221; _module_preset=&#8221;default&#8221; text_font=&#8221;DM Sans|700||||||#FFFFFF|&#8221; text_text_color=&#8221;#FFFFFF&#8221; text_font_size=&#8221;1.7em&#8221; width=&#8221;80%&#8221; custom_margin=&#8221;||30px||false|false&#8221; link_option_url=&#8221;@ET-DC@eyJkeW5hbWljIjp0cnVlLCJjb250ZW50IjoicG9zdF9saW5rX3VybF9wYWdlIiwic2V0dGluZ3MiOnsicG9zdF9pZCI6IjMwMTQ2In19@&#8221; text_text_color_tablet=&#8221;#509096&#8243; text_text_color_phone=&#8221;#509096&#8243; text_text_color_last_edited=&#8221;on|phone&#8221; global_colors_info=&#8221;{}&#8221; text_letter_spacing__hover_enabled=&#8221;on|hover&#8221; text_letter_spacing__hover=&#8221;0.1em&#8221;]<\/p>\n<p><span>PRR MEASURES ANI<\/span><\/p>\n<p>[\/et_pb_text][et_pb_text _builder_version=&#8221;4.27.3&#8243; _dynamic_attributes=&#8221;link_option_url&#8221; _module_preset=&#8221;default&#8221; text_font=&#8221;DM Sans|700||||||#FFFFFF|&#8221; text_text_color=&#8221;#FFFFFF&#8221; text_font_size=&#8221;1.7em&#8221; width=&#8221;80%&#8221; custom_margin=&#8221;||30px||false|false&#8221; link_option_url=&#8221;@ET-DC@eyJkeW5hbWljIjp0cnVlLCJjb250ZW50IjoicG9zdF9saW5rX3VybF9wYWdlIiwic2V0dGluZ3MiOnsicG9zdF9pZCI6IjMwMTUzIn19@&#8221; text_text_color_tablet=&#8221;#509096&#8243; text_text_color_phone=&#8221;#509096&#8243; text_text_color_last_edited=&#8221;on|phone&#8221; global_colors_info=&#8221;{}&#8221; text_letter_spacing__hover_enabled=&#8221;on|hover&#8221; text_letter_spacing__hover=&#8221;0.1em&#8221;]<\/p>\n<p><span>INNOVATION POLICIES<\/span><\/p>\n<p>[\/et_pb_text][\/et_pb_column][et_pb_column type=&#8221;3_5&#8243; _builder_version=&#8221;4.27.0&#8243; _module_preset=&#8221;default&#8221; global_colors_info=&#8221;{}&#8221;][et_pb_code _builder_version=&#8221;4.27.0&#8243; _module_preset=&#8221;default&#8221; global_colors_info=&#8221;{}&#8221; disabled_on=&#8221;on|on|on&#8221; disabled=&#8221;on&#8221;][et_pb_section global_module=\"21178\"][\/et_pb_section][\/et_pb_code][et_pb_code _builder_version=&#8221;4.27.4&#8243; _module_preset=&#8221;default&#8221; hover_enabled=&#8221;0&#8243; sticky_enabled=&#8221;0&#8243;]<div class=\"showpage-content\"><p>[et_pb_section fb_built=&#8221;1&#8243; _builder_version=&#8221;4.16&#8243; da_disable_devices=&#8221;off|off|off&#8221; global_colors_info=&#8221;{}&#8221; da_is_popup=&#8221;off&#8221; da_exit_intent=&#8221;off&#8221; da_has_close=&#8221;on&#8221; da_alt_close=&#8221;off&#8221; da_dark_close=&#8221;off&#8221; da_not_modal=&#8221;on&#8221; da_is_singular=&#8221;off&#8221; da_with_loader=&#8221;off&#8221; da_has_shadow=&#8221;on&#8221;][et_pb_row admin_label=&#8221;row&#8221; _builder_version=&#8221;4.27.0&#8243; background_size=&#8221;initial&#8221; background_position=&#8221;top_left&#8221; background_repeat=&#8221;repeat&#8221; width=&#8221;100%&#8221; max_width=&#8221;100%&#8221; custom_margin=&#8221;0px|0px|0px|0px|false|false&#8221; custom_padding=&#8221;0px|0px|0px|0px|false|false&#8221; global_colors_info=&#8221;{}&#8221;][et_pb_column type=&#8221;4_4&#8243; _builder_version=&#8221;4.16&#8243; custom_padding=&#8221;|||&#8221; global_colors_info=&#8221;{}&#8221; custom_padding__hover=&#8221;|||&#8221;][et_pb_text _builder_version=&#8221;4.27.4&#8243; _module_preset=&#8221;default&#8221; text_text_color=&#8221;#509096&#8243; header_text_color=&#8221;#509096&#8243; header_2_font=&#8221;DM Sans||||||||&#8221; header_2_text_color=&#8221;#509096&#8243; header_2_font_size=&#8221;3em&#8221; width=&#8221;100%&#8221; custom_margin=&#8221;||30px||false|false&#8221; locked=&#8221;off&#8221; global_colors_info=&#8221;{}&#8221;]<\/p>\n<h2><strong>INTERNATIONALIZING INNOVATION<\/strong><\/h2>\n<p>[\/et_pb_text][et_pb_text _builder_version=&#8221;4.27.4&#8243; _module_preset=&#8221;default&#8221; text_font=&#8221;DM Sans||||||||&#8221; text_text_color=&#8221;#666666&#8243; text_font_size=&#8221;1.2em&#8221; text_line_height=&#8221;1.2em&#8221; width=&#8221;100%&#8221; custom_margin=&#8221;||50px||false|false&#8221; global_colors_info=&#8221;{}&#8221;]<strong>Explore todos os programas e iniciativas que podem ajudar a sua organiza\u00e7\u00e3o a expandir as suas opera\u00e7\u00f5es e a competir no mercado global.<\/strong>[\/et_pb_text][et_pb_code raw_content_tablet=&#8221;<a style=%22color:#2a3163;%22 href=%22https:\/\/ani.pt\/projetos-de-inovacao\/%22 class=%22cta%22 role=%22link%22><br \/>\n  <span>VER todas<\/span><br \/>\n<\/a>&#8221; raw_content_phone=&#8221;<a style=%22color:#2a3163;%22 href=%22https:\/\/ani.pt\/projetos-de-inovacao\/%22 class=%22cta%22 role=%22link%22><br \/>\n  <span>VER<\/span><br \/>\n<\/a>&#8221; raw_content_last_edited=&#8221;off|desktop&#8221; _builder_version=&#8221;4.27.4&#8243; _module_preset=&#8221;default&#8221; hover_enabled=&#8221;0&#8243; locked=&#8221;off&#8221; global_colors_info=&#8221;{}&#8221; sticky_enabled=&#8221;0&#8243;]<a style=\"color:#2a3163;\" href=\"https:\/\/ani.pt\/en\/internationalizing-innovation\/\" class=\"cta\" role=\"link\"><!-- [et_pb_line_break_holder] -->  <span>DISCOVER<\/span><!-- [et_pb_line_break_holder] --><\/a>[\/et_pb_code][\/et_pb_column][\/et_pb_row][\/et_pb_section]<\/p>\n<\/div>[\/et_pb_code][\/et_pb_column][\/et_pb_row][\/et_pb_section][et_pb_section fb_built=&#8221;1&#8243; _builder_version=&#8221;4.22.2&#8243; _module_preset=&#8221;default&#8221; background_color=&#8221;#f6f6f6&#8243; height=&#8221;0px&#8221; custom_padding=&#8221;0px||0px||false|false&#8221; da_disable_devices=&#8221;off|off|off&#8221; global_colors_info=&#8221;{}&#8221; da_is_popup=&#8221;off&#8221; da_exit_intent=&#8221;off&#8221; da_has_close=&#8221;on&#8221; da_alt_close=&#8221;off&#8221; da_dark_close=&#8221;off&#8221; da_not_modal=&#8221;on&#8221; da_is_singular=&#8221;off&#8221; da_with_loader=&#8221;off&#8221; da_has_shadow=&#8221;on&#8221;][\/et_pb_section]<\/p>\n","protected":false},"excerpt":{"rendered":"<p>I&#8217;M LOOKING FOR&#8230;NATIONAL &amp; INTERNATIONAL CALLSRESEARCH &amp; INNOVATION INCENTIVESINTERNATIONALIZING INNOVATIONCoLAB and CTITEST BEDS, DIH, AND ZLTINNOVATION PROJECTSPRR MEASURES ANIINNOVATION POLICIES<div class=\"et_pb_section et_pb_section_1 et_pb_with_background et_section_regular\" >\n\t\t\t\t\n\t\t\t\t\n\t\t\t\t\n\t\t\t\t\n\t\t\t\t\n\t\t\t\t\n\t\t\t\t<div class=\"et_pb_row et_pb_row_0\">\n\t\t\t\t<div class=\"et_pb_column et_pb_column_4_4 et_pb_column_0  et_pb_css_mix_blend_mode_passthrough et-last-child\">\n\t\t\t\t\n\t\t\t\t\n\t\t\t\t\n\t\t\t\t\n\t\t\t\t<div class=\"et_pb_module et_pb_text et_pb_text_0  et_pb_text_align_left et_pb_bg_layout_light\">\n\t\t\t\t\n\t\t\t\t\n\t\t\t\t\n\t\t\t\t\n\t\t\t\t<div class=\"et_pb_text_inner\"><h2><strong>INTERNATIONALIZING INNOVATION<\/strong><\/h2><\/div>\n\t\t\t<\/div><div class=\"et_pb_module et_pb_text et_pb_text_1  et_pb_text_align_left et_pb_bg_layout_light\">\n\t\t\t\t\n\t\t\t\t\n\t\t\t\t\n\t\t\t\t\n\t\t\t\t<div class=\"et_pb_text_inner\"><b><span lang=\"PT\">Explore all the programs and initiatives that can help your organization expand its operations and compete in the global market.<\/b><\/span><\/div>\n\t\t\t<\/div>\n\t\t\t<\/div>\n\t\t\t\t\n\t\t\t\t\n\t\t\t\t\n\t\t\t\t\n\t\t\t<\/div><div class=\"et_pb_row et_pb_row_1 et_pb_gutters1\">\n\t\t\t\t<div class=\"et_pb_column et_pb_column_4_4 et_pb_column_1  et_pb_css_mix_blend_mode_passthrough et-last-child\">\n\t\t\t\t\n\t\t\t\t\n\t\t\t\t\n\t\t\t\t\n\t\t\t\t<div class=\"et_pb_module et_pb_code et_pb_code_0\">\n\t\t\t\t\n\t\t\t\t\n\t\t\t\t\n\t\t\t\t\n\t\t\t\t<div class=\"et_pb_code_inner\"><a style=\"color:#2a3163;\" href=\"https:\/\/ani.pt\/en\/internationalizing-innovation\/\" class=\"cta\">\n  <span>DISCOVER<\/span>\n<\/a><\/div>\n\t\t\t<\/div>\n\t\t\t<\/div>\n\t\t\t\t\n\t\t\t\t\n\t\t\t\t\n\t\t\t\t\n\t\t\t<\/div>\n\t\t\t\t\n\t\t\t\t\n\t\t\t<\/div><div class=\"showpage-content\"><div class=\"et_pb_section et_pb_section_2 et_section_regular\" >\n\t\t\t\t\n\t\t\t\t\n\t\t\t\t\n\t\t\t\t\n\t\t\t\t\n\t\t\t\t\n\t\t\t\t<div class=\"et_pb_row et_pb_row_2\">\n\t\t\t\t<div class=\"et_pb_column et_pb_column_4_4 et_pb_column_2  et_pb_css_mix_blend_mode_passthrough et-last-child\">\n\t\t\t\t\n\t\t\t\t\n\t\t\t\t\n\t\t\t\t\n\t\t\t\t<div class=\"et_pb_module et_pb_text et_pb_text_2  et_pb_text_align_left et_pb_bg_layout_light\">\n\t\t\t\t\n\t\t\t\t\n\t\t\t\t\n\t\t\t\t\n\t\t\t\t<div class=\"et_pb_text_inner\"><h2><strong>INTERNATIONALIZING INNOVATION<\/strong><\/h2><\/div>\n\t\t\t<\/div><div class=\"et_pb_module et_pb_text et_pb_text_3  et_pb_text_align_left et_pb_bg_layout_light\">\n\t\t\t\t\n\t\t\t\t\n\t\t\t\t\n\t\t\t\t\n\t\t\t\t<div class=\"et_pb_text_inner\"><strong>Explore todos os programas e iniciativas que podem ajudar a sua organiza\u00e7\u00e3o a expandir as suas opera\u00e7\u00f5es e a competir no mercado global.<\/strong><\/div>\n\t\t\t<\/div><div class=\"et_pb_module et_pb_code et_pb_code_1\">\n\t\t\t\t\n\t\t\t\t\n\t\t\t\t\n\t\t\t\t\n\t\t\t\t<div class=\"et_pb_code_inner\"><a style=\"color:#2a3163;\" href=\"https:\/\/ani.pt\/en\/internationalizing-innovation\/\" class=\"cta\" role=\"link\">\n  <span>DISCOVER<\/span>\n<\/a><\/div>\n\t\t\t<\/div>\n\t\t\t<\/div>\n\t\t\t\t\n\t\t\t\t\n\t\t\t\t\n\t\t\t\t\n\t\t\t<\/div>\n\t\t\t\t\n\t\t\t\t\n\t\t\t<\/div>\n<\/div><\/p>\n","protected":false},"author":2,"featured_media":29144,"parent":0,"menu_order":0,"comment_status":"closed","ping_status":"closed","template":"","meta":{"_acf_changed":false,"_et_pb_use_builder":"on","_et_pb_old_content":"","_et_gb_content_width":"","footnotes":""},"categorias-de-pagina":[659],"class_list":["post-29611","page","type-page","status-publish","has-post-thumbnail","hentry","categorias-de-pagina-im-looking-for"],"acf":[],"yoast_head":"<!-- This site is optimized with the Yoast SEO plugin v27.4 - https:\/\/yoast.com\/product\/yoast-seo-wordpress\/ -->\n<title>I&#039;M LOOKING FOR...INTERNATIONALIZING INNOVATION | ANI<\/title>\n<meta name=\"description\" content=\"Explore todos os programas e iniciativas que podem ajudar a sua organiza\u00e7\u00e3o a expandir as suas opera\u00e7\u00f5es e a competir no mercado global.\" \/>\n<meta name=\"robots\" content=\"index, follow, max-snippet:-1, max-image-preview:large, max-video-preview:-1\" \/>\n<link rel=\"canonical\" href=\"https:\/\/ani.pt\/en\/im-looking-for-internationalizing-innovation\/\" \/>\n<meta property=\"og:locale\" content=\"en_US\" \/>\n<meta property=\"og:type\" content=\"article\" \/>\n<meta property=\"og:title\" content=\"I&#039;M LOOKING FOR...INTERNATIONALIZING INNOVATION | ANI\" \/>\n<meta property=\"og:description\" content=\"Explore todos os programas e iniciativas que podem ajudar a sua organiza\u00e7\u00e3o a expandir as suas opera\u00e7\u00f5es e a competir no mercado global.\" \/>\n<meta property=\"og:url\" content=\"https:\/\/ani.pt\/en\/im-looking-for-internationalizing-innovation\/\" \/>\n<meta property=\"og:site_name\" content=\"ANI\" \/>\n<meta property=\"article:publisher\" content=\"https:\/\/www.facebook.com\/agencianacionaldeinovacao\/\" \/>\n<meta property=\"article:modified_time\" content=\"2025-11-18T11:18:14+00:00\" \/>\n<meta property=\"og:image\" content=\"https:\/\/ani.pt\/wp-content\/uploads\/2024\/07\/internacionalizar-a-minha-actividade-1.jpg\" \/>\n\t<meta property=\"og:image:width\" content=\"2000\" \/>\n\t<meta property=\"og:image:height\" content=\"1230\" \/>\n\t<meta property=\"og:image:type\" content=\"image\/jpeg\" \/>\n<meta name=\"twitter:card\" content=\"summary_large_image\" \/>\n<meta name=\"twitter:label1\" content=\"Est. reading time\" \/>\n\t<meta name=\"twitter:data1\" content=\"1 minute\" \/>\n<script type=\"application\/ld+json\" class=\"yoast-schema-graph\">{\"@context\":\"https:\\\/\\\/schema.org\",\"@graph\":[{\"@type\":\"WebPage\",\"@id\":\"https:\\\/\\\/ani.pt\\\/en\\\/im-looking-for-internationalizing-innovation\\\/\",\"url\":\"https:\\\/\\\/ani.pt\\\/en\\\/im-looking-for-internationalizing-innovation\\\/\",\"name\":\"I'M LOOKING FOR...INTERNATIONALIZING INNOVATION | ANI\",\"isPartOf\":{\"@id\":\"https:\\\/\\\/ani.pt\\\/en\\\/#website\"},\"primaryImageOfPage\":{\"@id\":\"https:\\\/\\\/ani.pt\\\/en\\\/im-looking-for-internationalizing-innovation\\\/#primaryimage\"},\"image\":{\"@id\":\"https:\\\/\\\/ani.pt\\\/en\\\/im-looking-for-internationalizing-innovation\\\/#primaryimage\"},\"thumbnailUrl\":\"https:\\\/\\\/ani.pt\\\/wp-content\\\/uploads\\\/2024\\\/07\\\/internacionalizar-a-minha-actividade-1.jpg\",\"datePublished\":\"2024-08-06T13:42:27+00:00\",\"dateModified\":\"2025-11-18T11:18:14+00:00\",\"description\":\"Explore todos os programas e iniciativas que podem ajudar a sua organiza\u00e7\u00e3o a expandir as suas opera\u00e7\u00f5es e a competir no mercado global.\",\"breadcrumb\":{\"@id\":\"https:\\\/\\\/ani.pt\\\/en\\\/im-looking-for-internationalizing-innovation\\\/#breadcrumb\"},\"inLanguage\":\"en-US\",\"potentialAction\":[{\"@type\":\"ReadAction\",\"target\":[\"https:\\\/\\\/ani.pt\\\/en\\\/im-looking-for-internationalizing-innovation\\\/\"]}]},{\"@type\":\"ImageObject\",\"inLanguage\":\"en-US\",\"@id\":\"https:\\\/\\\/ani.pt\\\/en\\\/im-looking-for-internationalizing-innovation\\\/#primaryimage\",\"url\":\"https:\\\/\\\/ani.pt\\\/wp-content\\\/uploads\\\/2024\\\/07\\\/internacionalizar-a-minha-actividade-1.jpg\",\"contentUrl\":\"https:\\\/\\\/ani.pt\\\/wp-content\\\/uploads\\\/2024\\\/07\\\/internacionalizar-a-minha-actividade-1.jpg\",\"width\":2000,\"height\":1230},{\"@type\":\"BreadcrumbList\",\"@id\":\"https:\\\/\\\/ani.pt\\\/en\\\/im-looking-for-internationalizing-innovation\\\/#breadcrumb\",\"itemListElement\":[{\"@type\":\"ListItem\",\"position\":1,\"name\":\"Homepage\",\"item\":\"https:\\\/\\\/ani.pt\\\/en\\\/\"},{\"@type\":\"ListItem\",\"position\":2,\"name\":\"I'm looking for\u2026\",\"item\":\"https:\\\/\\\/ani.pt\\\/en\\\/categorias-de-pagina\\\/im-looking-for\\\/\"},{\"@type\":\"ListItem\",\"position\":3,\"name\":\"I&#8217;m looking for&#8230;Internationalizing Innovation\"}]},{\"@type\":\"WebSite\",\"@id\":\"https:\\\/\\\/ani.pt\\\/en\\\/#website\",\"url\":\"https:\\\/\\\/ani.pt\\\/en\\\/\",\"name\":\"ANI\",\"description\":\"\",\"potentialAction\":[{\"@type\":\"SearchAction\",\"target\":{\"@type\":\"EntryPoint\",\"urlTemplate\":\"https:\\\/\\\/ani.pt\\\/en\\\/?s={search_term_string}\"},\"query-input\":{\"@type\":\"PropertyValueSpecification\",\"valueRequired\":true,\"valueName\":\"search_term_string\"}}],\"inLanguage\":\"en-US\"}]}<\/script>\n<!-- \/ Yoast SEO plugin. -->","yoast_head_json":{"title":"I'M LOOKING FOR...INTERNATIONALIZING INNOVATION | ANI","description":"Explore todos os programas e iniciativas que podem ajudar a sua organiza\u00e7\u00e3o a expandir as suas opera\u00e7\u00f5es e a competir no mercado global.","robots":{"index":"index","follow":"follow","max-snippet":"max-snippet:-1","max-image-preview":"max-image-preview:large","max-video-preview":"max-video-preview:-1"},"canonical":"https:\/\/ani.pt\/en\/im-looking-for-internationalizing-innovation\/","og_locale":"en_US","og_type":"article","og_title":"I'M LOOKING FOR...INTERNATIONALIZING INNOVATION | ANI","og_description":"Explore todos os programas e iniciativas que podem ajudar a sua organiza\u00e7\u00e3o a expandir as suas opera\u00e7\u00f5es e a competir no mercado global.","og_url":"https:\/\/ani.pt\/en\/im-looking-for-internationalizing-innovation\/","og_site_name":"ANI","article_publisher":"https:\/\/www.facebook.com\/agencianacionaldeinovacao\/","article_modified_time":"2025-11-18T11:18:14+00:00","og_image":[{"width":2000,"height":1230,"url":"https:\/\/ani.pt\/wp-content\/uploads\/2024\/07\/internacionalizar-a-minha-actividade-1.jpg","type":"image\/jpeg"}],"twitter_card":"summary_large_image","twitter_misc":{"Est. reading time":"1 minute"},"schema":{"@context":"https:\/\/schema.org","@graph":[{"@type":"WebPage","@id":"https:\/\/ani.pt\/en\/im-looking-for-internationalizing-innovation\/","url":"https:\/\/ani.pt\/en\/im-looking-for-internationalizing-innovation\/","name":"I'M LOOKING FOR...INTERNATIONALIZING INNOVATION | ANI","isPartOf":{"@id":"https:\/\/ani.pt\/en\/#website"},"primaryImageOfPage":{"@id":"https:\/\/ani.pt\/en\/im-looking-for-internationalizing-innovation\/#primaryimage"},"image":{"@id":"https:\/\/ani.pt\/en\/im-looking-for-internationalizing-innovation\/#primaryimage"},"thumbnailUrl":"https:\/\/ani.pt\/wp-content\/uploads\/2024\/07\/internacionalizar-a-minha-actividade-1.jpg","datePublished":"2024-08-06T13:42:27+00:00","dateModified":"2025-11-18T11:18:14+00:00","description":"Explore todos os programas e iniciativas que podem ajudar a sua organiza\u00e7\u00e3o a expandir as suas opera\u00e7\u00f5es e a competir no mercado global.","breadcrumb":{"@id":"https:\/\/ani.pt\/en\/im-looking-for-internationalizing-innovation\/#breadcrumb"},"inLanguage":"en-US","potentialAction":[{"@type":"ReadAction","target":["https:\/\/ani.pt\/en\/im-looking-for-internationalizing-innovation\/"]}]},{"@type":"ImageObject","inLanguage":"en-US","@id":"https:\/\/ani.pt\/en\/im-looking-for-internationalizing-innovation\/#primaryimage","url":"https:\/\/ani.pt\/wp-content\/uploads\/2024\/07\/internacionalizar-a-minha-actividade-1.jpg","contentUrl":"https:\/\/ani.pt\/wp-content\/uploads\/2024\/07\/internacionalizar-a-minha-actividade-1.jpg","width":2000,"height":1230},{"@type":"BreadcrumbList","@id":"https:\/\/ani.pt\/en\/im-looking-for-internationalizing-innovation\/#breadcrumb","itemListElement":[{"@type":"ListItem","position":1,"name":"Homepage","item":"https:\/\/ani.pt\/en\/"},{"@type":"ListItem","position":2,"name":"I'm looking for\u2026","item":"https:\/\/ani.pt\/en\/categorias-de-pagina\/im-looking-for\/"},{"@type":"ListItem","position":3,"name":"I&#8217;m looking for&#8230;Internationalizing Innovation"}]},{"@type":"WebSite","@id":"https:\/\/ani.pt\/en\/#website","url":"https:\/\/ani.pt\/en\/","name":"ANI","description":"","potentialAction":[{"@type":"SearchAction","target":{"@type":"EntryPoint","urlTemplate":"https:\/\/ani.pt\/en\/?s={search_term_string}"},"query-input":{"@type":"PropertyValueSpecification","valueRequired":true,"valueName":"search_term_string"}}],"inLanguage":"en-US"}]}},"_links":{"self":[{"href":"https:\/\/ani.pt\/en\/wp-json\/wp\/v2\/pages\/29611","targetHints":{"allow":["GET"]}}],"collection":[{"href":"https:\/\/ani.pt\/en\/wp-json\/wp\/v2\/pages"}],"about":[{"href":"https:\/\/ani.pt\/en\/wp-json\/wp\/v2\/types\/page"}],"author":[{"embeddable":true,"href":"https:\/\/ani.pt\/en\/wp-json\/wp\/v2\/users\/2"}],"replies":[{"embeddable":true,"href":"https:\/\/ani.pt\/en\/wp-json\/wp\/v2\/comments?post=29611"}],"version-history":[{"count":5,"href":"https:\/\/ani.pt\/en\/wp-json\/wp\/v2\/pages\/29611\/revisions"}],"predecessor-version":[{"id":43405,"href":"https:\/\/ani.pt\/en\/wp-json\/wp\/v2\/pages\/29611\/revisions\/43405"}],"wp:featuredmedia":[{"embeddable":true,"href":"https:\/\/ani.pt\/en\/wp-json\/wp\/v2\/media\/29144"}],"wp:attachment":[{"href":"https:\/\/ani.pt\/en\/wp-json\/wp\/v2\/media?parent=29611"}],"wp:term":[{"taxonomy":"categorias-de-pagina","embeddable":true,"href":"https:\/\/ani.pt\/en\/wp-json\/wp\/v2\/categorias-de-pagina?post=29611"}],"curies":[{"name":"wp","href":"https:\/\/api.w.org\/{rel}","templated":true}]}}