{"id":29139,"date":"2024-09-11T16:47:20","date_gmt":"2024-09-11T16:47:20","guid":{"rendered":"https:\/\/ani.pt\/anita\/"},"modified":"2024-10-17T15:02:56","modified_gmt":"2024-10-17T15:02:56","slug":"anita","status":"publish","type":"page","link":"https:\/\/ani.pt\/en\/anita\/","title":{"rendered":"Anita"},"content":{"rendered":"\n[et_pb_section fb_built=&#8221;1&#8243; custom_padding_last_edited=&#8221;on|desktop&#8221; _builder_version=&#8221;4.27.0&#8243; _module_preset=&#8221;default&#8221; background_image=&#8221;https:\/\/ani.pt\/wp-content\/uploads\/2024\/09\/banners_ani_anita.jpg&#8221; custom_padding=&#8221;150px||200px||false|false&#8221; custom_padding_tablet=&#8221;150px||150px||true|false&#8221; custom_padding_phone=&#8221;150px||150px||true|false&#8221; da_disable_devices=&#8221;off|off|off&#8221; global_colors_info=&#8221;{}&#8221; da_is_popup=&#8221;off&#8221; da_exit_intent=&#8221;off&#8221; da_has_close=&#8221;on&#8221; da_alt_close=&#8221;off&#8221; da_dark_close=&#8221;off&#8221; da_not_modal=&#8221;on&#8221; da_is_singular=&#8221;off&#8221; da_with_loader=&#8221;off&#8221; da_has_shadow=&#8221;on&#8221;][\/et_pb_section][et_pb_section fb_built=&#8221;1&#8243; _builder_version=&#8221;4.25.2&#8243; _module_preset=&#8221;default&#8221; background_image=&#8221;https:\/\/ani.pt\/wp-content\/uploads\/2024\/05\/ani-agenda-de-inovacao-nova-imagem-bg.png&#8221; height=&#8221;20px&#8221; custom_margin=&#8221;0px|0px|0px|0px|false|false&#8221; custom_padding=&#8221;0px|0px|0px|0px|false|false&#8221; da_disable_devices=&#8221;off|off|off&#8221; global_colors_info=&#8221;{}&#8221; da_is_popup=&#8221;off&#8221; da_exit_intent=&#8221;off&#8221; da_has_close=&#8221;on&#8221; da_alt_close=&#8221;off&#8221; da_dark_close=&#8221;off&#8221; da_not_modal=&#8221;on&#8221; da_is_singular=&#8221;off&#8221; da_with_loader=&#8221;off&#8221; da_has_shadow=&#8221;on&#8221;][\/et_pb_section][et_pb_section fb_built=&#8221;1&#8243; custom_padding_last_edited=&#8221;on|desktop&#8221; _builder_version=&#8221;4.22.2&#8243; _module_preset=&#8221;default&#8221; custom_margin=&#8221;||0px||false|false&#8221; custom_padding=&#8221;15px||0px||false|false&#8221; custom_padding_tablet=&#8221;15px||25px||false|false&#8221; custom_padding_phone=&#8221;15px||||false|false&#8221; da_disable_devices=&#8221;off|off|off&#8221; global_colors_info=&#8221;{}&#8221; da_is_popup=&#8221;off&#8221; da_exit_intent=&#8221;off&#8221; da_has_close=&#8221;on&#8221; da_alt_close=&#8221;off&#8221; da_dark_close=&#8221;off&#8221; da_not_modal=&#8221;on&#8221; da_is_singular=&#8221;off&#8221; da_with_loader=&#8221;off&#8221; da_has_shadow=&#8221;on&#8221;][et_pb_row _builder_version=&#8221;4.22.2&#8243; _module_preset=&#8221;default&#8221; width=&#8221;100%&#8221; width_tablet=&#8221;100%&#8221; width_phone=&#8221;100%&#8221; width_last_edited=&#8221;on|desktop&#8221; max_width=&#8221;80%&#8221; max_width_tablet=&#8221;80%&#8221; max_width_phone=&#8221;80%&#8221; max_width_last_edited=&#8221;on|desktop&#8221; custom_padding=&#8221;||3px||false|false&#8221; global_colors_info=&#8221;{}&#8221;][et_pb_column type=&#8221;4_4&#8243; _builder_version=&#8221;4.22.2&#8243; _module_preset=&#8221;default&#8221; global_colors_info=&#8221;{}&#8221;][et_pb_code module_class=&#8221;breadcrumbs-module&#8221; _builder_version=&#8221;4.22.2&#8243; _module_preset=&#8221;default&#8221; global_colors_info=&#8221;{}&#8221;]<span><span><a href=\"https:\/\/ani.pt\/en\/\">Homepage<\/a><\/span><\/span>[\/et_pb_code][et_pb_text _builder_version=&#8221;4.27.0&#8243; _module_preset=&#8221;default&#8221; header_font=&#8221;|700||on|||||&#8221; header_text_color=&#8221;#ff5869&#8243; header_font_size=&#8221;4.5em&#8221; custom_margin=&#8221;||0px||false|false&#8221; header_font_size_tablet=&#8221;4.5em&#8221; header_font_size_phone=&#8221;3.5em&#8221; header_font_size_last_edited=&#8221;on|phone&#8221; global_colors_info=&#8221;{}&#8221;]<h1><span>ANITA<\/span><\/h1>[\/et_pb_text][et_pb_divider color=&#8221;#3dbdc0&#8243; divider_weight=&#8221;6px&#8221; _builder_version=&#8221;4.27.0&#8243; _module_preset=&#8221;default&#8221; width=&#8221;10%&#8221; width_tablet=&#8221;10%&#8221; width_phone=&#8221;25%&#8221; width_last_edited=&#8221;on|phone&#8221; custom_margin=&#8221;||35px|120px|false|false&#8221; custom_margin_tablet=&#8221;|||135px|false|false&#8221; custom_margin_phone=&#8221;||20px|135px|false|false&#8221; custom_margin_last_edited=&#8221;on|desktop&#8221; global_colors_info=&#8221;{}&#8221;][\/et_pb_divider][\/et_pb_column][\/et_pb_row][et_pb_row column_structure=&#8221;1_2,1_2&#8243; _builder_version=&#8221;4.27.0&#8243; _module_preset=&#8221;default&#8221; width=&#8221;100%&#8221; width_tablet=&#8221;100%&#8221; width_phone=&#8221;100%&#8221; width_last_edited=&#8221;on|desktop&#8221; max_width=&#8221;80%&#8221; max_width_tablet=&#8221;80%&#8221; max_width_phone=&#8221;80%&#8221; max_width_last_edited=&#8221;on|desktop&#8221; custom_margin=&#8221;0px||0px||false|false&#8221; custom_padding=&#8221;0px||0px||false|false&#8221; global_colors_info=&#8221;{}&#8221;][et_pb_column type=&#8221;1_2&#8243; _builder_version=&#8221;4.22.2&#8243; _module_preset=&#8221;default&#8221; global_colors_info=&#8221;{}&#8221;][et_pb_text _builder_version=&#8221;4.27.0&#8243; _module_preset=&#8221;default&#8221; text_font_size=&#8221;1.3em&#8221; text_line_height=&#8221;1.3em&#8221; link_font=&#8221;|700|||||||&#8221; link_text_color=&#8221;#7d55c7&#8243; header_2_text_color=&#8221;#3dbdc0&#8243; header_2_font_size=&#8221;2em&#8221; header_3_text_color=&#8221;#9f9f9f&#8221; header_3_font_size=&#8221;1.5em&#8221; custom_margin=&#8221;0px||0px||false|false&#8221; custom_margin_tablet=&#8221;||15px||false|false&#8221; custom_margin_phone=&#8221;||15px||false|false&#8221; custom_margin_last_edited=&#8221;on|desktop&#8221; custom_padding=&#8221;||0px|||&#8221; text_font_size_tablet=&#8221;&#8221; text_font_size_phone=&#8221;&#8221; text_font_size_last_edited=&#8221;on|tablet&#8221; header_2_font_size_tablet=&#8221;2em&#8221; header_2_font_size_phone=&#8221;1.5em&#8221; header_2_font_size_last_edited=&#8221;on|phone&#8221; header_3_font_size_last_edited=&#8221;off|desktop&#8221; global_colors_info=&#8221;{}&#8221;]<h2 style=\"font-weight: 400;\"><span style=\"color: #ff5869;\"><strong>Hello, I am ANIta <\/strong><\/span><\/h2>\n<h3 style=\"font-weight: 400;\"><span style=\"color: #2a3163;\"><strong>The Virtual Assistant powered<\/strong><strong> by a Custom ChatGPT*:<\/strong> The New Era of ANI&#8217;s Digital Customer Service<\/span><\/h3>[\/et_pb_text][et_pb_text _builder_version=&#8221;4.27.0&#8243; _module_preset=&#8221;default&#8221; text_font_size=&#8221;1.3em&#8221; text_line_height=&#8221;1.3em&#8221; link_font=&#8221;|700|||||||&#8221; link_text_color=&#8221;#7d55c7&#8243; header_2_text_color=&#8221;#3dbdc0&#8243; header_2_font_size=&#8221;2.2vw&#8221; header_3_text_color=&#8221;#9f9f9f&#8221; custom_margin=&#8221;33px||0px||false|false&#8221; custom_margin_tablet=&#8221;||15px||false|false&#8221; custom_margin_phone=&#8221;||15px||false|false&#8221; custom_margin_last_edited=&#8221;on|desktop&#8221; text_font_size_tablet=&#8221;&#8221; text_font_size_phone=&#8221;&#8221; text_font_size_last_edited=&#8221;on|tablet&#8221; header_2_font_size_tablet=&#8221;2.2vw&#8221; header_2_font_size_phone=&#8221;2.2vw&#8221; header_2_font_size_last_edited=&#8221;on|desktop&#8221; global_colors_info=&#8221;{}&#8221;]<p><span><strong>A<\/strong><strong>g\u00eancia Nacional de Inova\u00e7\u00e3o (ANI) is one of the first entities in Portugal to have a fully customized state-of-the-art ChatGPT 4.0 model: ANIta.<\/strong><\/span><\/p>\n<p><strong> <\/strong><\/p>\n<p><strong><\/strong><span style=\"font-size: 18.2px;\">ANIta is always available and aims to facilitate and assist users in accessing information more simply, quickly, and personally.<\/span><span lang=\"PT\">  <\/span><\/p>[\/et_pb_text][et_pb_code _builder_version=&#8221;4.27.0&#8243; _module_preset=&#8221;default&#8221; global_colors_info=&#8221;{}&#8221;][\/et_pb_code][\/et_pb_column][et_pb_column type=&#8221;1_2&#8243; _builder_version=&#8221;4.22.2&#8243; _module_preset=&#8221;default&#8221; global_colors_info=&#8221;{}&#8221;][et_pb_image src=&#8221;https:\/\/ani.pt\/wp-content\/uploads\/2024\/09\/ANITA-CHATBOT_9-scaled.jpg&#8221; title_text=&#8221;ANITA-CHATBOT_9&#8243; _builder_version=&#8221;4.27.2&#8243; _module_preset=&#8221;default&#8221; custom_margin=&#8221;12px|||||&#8221; hover_enabled=&#8221;0&#8243; border_radii=&#8221;on|400px|400px|400px|400px&#8221; global_colors_info=&#8221;{}&#8221; sticky_enabled=&#8221;0&#8243;][\/et_pb_image][\/et_pb_column][\/et_pb_row][et_pb_row _builder_version=&#8221;4.27.0&#8243; _module_preset=&#8221;default&#8221; width=&#8221;100%&#8221; width_tablet=&#8221;100%&#8221; width_phone=&#8221;100%&#8221; width_last_edited=&#8221;on|desktop&#8221; max_width=&#8221;80%&#8221; max_width_tablet=&#8221;80%&#8221; max_width_phone=&#8221;80%&#8221; max_width_last_edited=&#8221;on|desktop&#8221; custom_margin=&#8221;0px||0px||false|false&#8221; custom_padding=&#8221;0px||0px||false|false&#8221; global_colors_info=&#8221;{}&#8221;][et_pb_column type=&#8221;4_4&#8243; _builder_version=&#8221;4.22.2&#8243; _module_preset=&#8221;default&#8221; global_colors_info=&#8221;{}&#8221;][et_pb_text _builder_version=&#8221;4.27.0&#8243; _module_preset=&#8221;default&#8221; text_font=&#8221;DM Sans||||||||&#8221; text_font_size=&#8221;1.3em&#8221; text_line_height=&#8221;1.3em&#8221; link_font=&#8221;|700|||||||&#8221; link_text_color=&#8221;#7d55c7&#8243; header_2_text_color=&#8221;#3dbdc0&#8243; header_2_font_size=&#8221;2.2vw&#8221; header_3_text_color=&#8221;#9f9f9f&#8221; custom_margin=&#8221;33px||0px||false|false&#8221; custom_margin_tablet=&#8221;||15px||false|false&#8221; custom_margin_phone=&#8221;||15px||false|false&#8221; custom_margin_last_edited=&#8221;on|desktop&#8221; text_font_size_tablet=&#8221;&#8221; text_font_size_phone=&#8221;&#8221; text_font_size_last_edited=&#8221;on|tablet&#8221; header_2_font_size_tablet=&#8221;2.2vw&#8221; header_2_font_size_phone=&#8221;2.2vw&#8221; header_2_font_size_last_edited=&#8221;on|desktop&#8221; global_colors_info=&#8221;{}&#8221;]<p style=\"font-weight: 400;\">ANIta is more than just a virtual assistant. Through the advanced technology of ChatGPT, it can quickly and accurately respond <strong>to questions about innovation,<\/strong> <strong>funding<\/strong>, and <strong>projects<\/strong>, optimizing response times and ensuring that users get the information they need immediately. <\/p>\n<p style=\"font-weight: 400;\">[\/et_pb_text][et_pb_text _builder_version=&#8221;4.27.0&#8243; _module_preset=&#8221;default&#8221; text_font=&#8221;DM Sans||||||||&#8221; text_font_size=&#8221;1.3em&#8221; text_line_height=&#8221;1.3em&#8221; link_font=&#8221;|700|||||||&#8221; link_text_color=&#8221;#7d55c7&#8243; header_2_text_color=&#8221;#3dbdc0&#8243; header_2_font_size=&#8221;2.2vw&#8221; header_3_text_color=&#8221;#9f9f9f&#8221; custom_margin=&#8221;0px||15px||false|false&#8221; custom_margin_tablet=&#8221;||15px||false|false&#8221; custom_margin_phone=&#8221;||15px||false|false&#8221; custom_margin_last_edited=&#8221;on|desktop&#8221; text_font_size_tablet=&#8221;&#8221; text_font_size_phone=&#8221;&#8221; text_font_size_last_edited=&#8221;on|tablet&#8221; header_2_font_size_tablet=&#8221;2.2vw&#8221; header_2_font_size_phone=&#8221;2.2vw&#8221; header_2_font_size_last_edited=&#8221;on|desktop&#8221; global_colors_info=&#8221;{}&#8221;]<p style=\"font-weight: 400;\"><span style=\"font-family: inherit;\">Additionally, ANIta also addresses other user needs, such as <strong>answering frequently asked questions<\/strong> and <strong>providing data on funding programs<\/strong>, ensuring an optimized user experience and service that meets international best practices.<\/span><\/p>[\/et_pb_text][et_pb_button button_url=&#8221;https:\/\/chatgpt.com\/g\/g-twpJbQg7P-anita-by-ani-agencia-nacional-de-inovacao&#8221; url_new_window=&#8221;on&#8221; button_text=&#8221;Launch ANIta \u26a1\ufe0f by ChatGPT*&#8221; button_alignment=&#8221;center&#8221; _builder_version=&#8221;4.27.2&#8243; _module_preset=&#8221;default&#8221; custom_button=&#8221;on&#8221; button_text_color=&#8221;#FFFFFF&#8221; button_bg_color=&#8221;#0a0000&#8243; button_border_width=&#8221;6px&#8221; button_border_radius=&#8221;28px&#8221; hover_enabled=&#8221;0&#8243; custom_css_main_element=&#8221;width: 50%;&#8221; global_colors_info=&#8221;{}&#8221; sticky_enabled=&#8221;0&#8243; custom_css_main_element_last_edited=&#8221;on|phone&#8221; custom_css_main_element_tablet=&#8221;width: 70%;&#8221; custom_css_main_element_phone=&#8221;width: 100%;&#8221;][\/et_pb_button][et_pb_text content_tablet=&#8221;<p style=%22font-weight: 400;%22><strong>With ANIta, ANI reinforces its commitment to supporting innovation, while adopting cutting-edge technologies to improve its services.<\/strong><\/p>&#8221; content_phone=&#8221;<p style=%22font-weight: 400;%22><strong>With ANIta, ANI reinforces its commitment to supporting innovation, <\/strong><strong>while adopting cutting-edge technologies to improve its services.<\/strong><\/p>&#8221; content_last_edited=&#8221;on|desktop&#8221; _builder_version=&#8221;4.27.0&#8243; _module_preset=&#8221;default&#8221; text_font=&#8221;DM Sans||||||||&#8221; text_text_color=&#8221;#ff5869&#8243; text_font_size=&#8221;1.5em&#8221; text_line_height=&#8221;1.3em&#8221; link_font=&#8221;|700|||||||&#8221; link_text_color=&#8221;#7d55c7&#8243; header_2_text_color=&#8221;#3dbdc0&#8243; header_2_font_size=&#8221;2.2vw&#8221; header_3_text_color=&#8221;#9f9f9f&#8221; text_orientation=&#8221;center&#8221; custom_margin=&#8221;35px||15px||false|false&#8221; custom_margin_tablet=&#8221;||15px||false|false&#8221; custom_margin_phone=&#8221;||15px||false|false&#8221; custom_margin_last_edited=&#8221;on|desktop&#8221; text_font_size_tablet=&#8221;&#8221; text_font_size_phone=&#8221;&#8221; text_font_size_last_edited=&#8221;on|tablet&#8221; header_2_font_size_tablet=&#8221;2.2vw&#8221; header_2_font_size_phone=&#8221;2.2vw&#8221; header_2_font_size_last_edited=&#8221;on|desktop&#8221; global_colors_info=&#8221;{}&#8221;]<p style=\"font-weight: 400;\"><strong>With ANIta, ANI reinforces its commitment to supporting innovation, <br>while adopting cutting-edge technologies to improve its services.<\/strong><\/p>[\/et_pb_text][\/et_pb_column][\/et_pb_row][\/et_pb_section][et_pb_section fb_built=&#8221;1&#8243; _builder_version=&#8221;4.27.0&#8243; _module_preset=&#8221;default&#8221; background_color=&#8221;#f4f4f4&#8243; custom_margin=&#8221;30px||||false|false&#8221; da_disable_devices=&#8221;off|off|off&#8221; global_colors_info=&#8221;{}&#8221; da_is_popup=&#8221;off&#8221; da_exit_intent=&#8221;off&#8221; da_has_close=&#8221;on&#8221; da_alt_close=&#8221;off&#8221; da_dark_close=&#8221;off&#8221; da_not_modal=&#8221;on&#8221; da_is_singular=&#8221;off&#8221; da_with_loader=&#8221;off&#8221; da_has_shadow=&#8221;on&#8221;][et_pb_row _builder_version=&#8221;4.27.0&#8243; _module_preset=&#8221;default&#8221; width=&#8221;100%&#8221; width_tablet=&#8221;100%&#8221; width_phone=&#8221;100%&#8221; width_last_edited=&#8221;on|desktop&#8221; max_width=&#8221;80%&#8221; max_width_tablet=&#8221;80%&#8221; max_width_phone=&#8221;80%&#8221; max_width_last_edited=&#8221;on|desktop&#8221; custom_padding=&#8221;0px||0px||false|false&#8221; global_colors_info=&#8221;{}&#8221;][et_pb_column type=&#8221;4_4&#8243; _builder_version=&#8221;4.22.2&#8243; _module_preset=&#8221;default&#8221; global_colors_info=&#8221;{}&#8221;][et_pb_text _builder_version=&#8221;4.27.2&#8243; _module_preset=&#8221;default&#8221; link_font=&#8221;||||on||||&#8221; link_text_color=&#8221;#7d55c7&#8243; global_colors_info=&#8221;{}&#8221;]<p>*ANIta is a GPT model developed based on OpenAI&#8217;s ChatGPT. Starting the chat will open a new ChatGPT window, requiring an individual (ChatGPT account) free session so that your conversation history is always available. ANI trained the GPT model and continuously adds updated information to improve it.  <\/p>\n<p>ChatGPT may make errors and does not replace the validation of the provided information with the responsible entities, nor does it constitute binding information of any kind, serving as a guide and facilitator for accessing information.<\/p>\n<p>By starting the ANIta GPT session, you accept ANI and OpenAI\u2019s data sharing and processing policy. For any questions regarding ANI&#8217;s privacy policy terms, <a href=\"https:\/\/ani.pt\/en\/data-protection-policy\/\" target=\"_blank\" rel=\"noopener\">click here.<\/a> For OpenAI&#8217;s privacy policy terms, <a href=\"https:\/\/openai.com\/pt-PT\/policies\/row-privacy-policy\/\" target=\"_blank\" rel=\"noopener\">click here.<\/a>  <\/p>\n<p>The ChatGPT and OpenAI brands are independent of ANI and are owned by OpenAI. Learn more at <a href=\"https:\/\/www.openai.com\">openai.com.<\/a> <\/p>[\/et_pb_text][\/et_pb_column][\/et_pb_row][\/et_pb_section]\n","protected":false},"excerpt":{"rendered":"<p><span><span><a href=\"https:\/\/ani.pt\/en\/\">Homepage<\/a><\/span><\/span>ANITAHello, I am ANIta The Virtual Assistant powered by a Custom ChatGPT*: The New Era of ANI&#8217;s Digital Customer ServiceAg\u00eancia Nacional de Inova\u00e7\u00e3o (ANI) is one of the first entities in Portugal to have a fully customized state-of-the-art ChatGPT 4.0 model: ANIta. ANIta is always available and aims to facilitate and assist users in accessing [&hellip;]<\/p>\n","protected":false},"author":2,"featured_media":29140,"parent":0,"menu_order":0,"comment_status":"closed","ping_status":"closed","template":"","meta":{"_acf_changed":false,"_et_pb_use_builder":"on","_et_pb_old_content":"","_et_gb_content_width":"","footnotes":""},"categorias-de-pagina":[],"class_list":["post-29139","page","type-page","status-publish","has-post-thumbnail","hentry"],"acf":[],"yoast_head":"<!-- This site is optimized with the Yoast SEO plugin v27.4 - https:\/\/yoast.com\/product\/yoast-seo-wordpress\/ -->\n<title>ANITA |ANI<\/title>\n<meta name=\"robots\" content=\"index, follow, max-snippet:-1, max-image-preview:large, max-video-preview:-1\" \/>\n<link rel=\"canonical\" href=\"https:\/\/ani.pt\/en\/anita\/\" \/>\n<meta property=\"og:locale\" content=\"en_US\" \/>\n<meta property=\"og:type\" content=\"article\" \/>\n<meta property=\"og:title\" content=\"ANITA |ANI\" \/>\n<meta property=\"og:description\" content=\"ANITAHello, I am ANIta The Virtual Assistant powered by a Custom ChatGPT*: The New Era of ANI&#039;s Digital Customer ServiceAg\u00eancia Nacional de Inova\u00e7\u00e3o (ANI) is one of the first entities in Portugal to have a fully customized state-of-the-art ChatGPT 4.0 model: ANIta. ANIta is always available and aims to facilitate and assist users in accessing [&hellip;]\" \/>\n<meta property=\"og:url\" content=\"https:\/\/ani.pt\/en\/anita\/\" \/>\n<meta property=\"og:site_name\" content=\"ANI\" \/>\n<meta property=\"article:publisher\" content=\"https:\/\/www.facebook.com\/agencianacionaldeinovacao\/\" \/>\n<meta property=\"article:modified_time\" content=\"2024-10-17T15:02:56+00:00\" \/>\n<meta property=\"og:image\" content=\"https:\/\/ani.pt\/wp-content\/uploads\/2024\/09\/banners_ani_anita.jpg\" \/>\n\t<meta property=\"og:image:width\" content=\"1500\" \/>\n\t<meta property=\"og:image:height\" content=\"1000\" \/>\n\t<meta property=\"og:image:type\" content=\"image\/jpeg\" \/>\n<meta name=\"twitter:card\" content=\"summary_large_image\" \/>\n<meta name=\"twitter:label1\" content=\"Est. reading time\" \/>\n\t<meta name=\"twitter:data1\" content=\"9 minutes\" \/>\n<script type=\"application\/ld+json\" class=\"yoast-schema-graph\">{\"@context\":\"https:\\\/\\\/schema.org\",\"@graph\":[{\"@type\":\"WebPage\",\"@id\":\"https:\\\/\\\/ani.pt\\\/en\\\/anita\\\/\",\"url\":\"https:\\\/\\\/ani.pt\\\/en\\\/anita\\\/\",\"name\":\"ANITA |ANI\",\"isPartOf\":{\"@id\":\"https:\\\/\\\/ani.pt\\\/en\\\/#website\"},\"primaryImageOfPage\":{\"@id\":\"https:\\\/\\\/ani.pt\\\/en\\\/anita\\\/#primaryimage\"},\"image\":{\"@id\":\"https:\\\/\\\/ani.pt\\\/en\\\/anita\\\/#primaryimage\"},\"thumbnailUrl\":\"https:\\\/\\\/ani.pt\\\/wp-content\\\/uploads\\\/2024\\\/09\\\/banners_ani_anita.jpg\",\"datePublished\":\"2024-09-11T16:47:20+00:00\",\"dateModified\":\"2024-10-17T15:02:56+00:00\",\"breadcrumb\":{\"@id\":\"https:\\\/\\\/ani.pt\\\/en\\\/anita\\\/#breadcrumb\"},\"inLanguage\":\"en-US\",\"potentialAction\":[{\"@type\":\"ReadAction\",\"target\":[\"https:\\\/\\\/ani.pt\\\/en\\\/anita\\\/\"]}]},{\"@type\":\"ImageObject\",\"inLanguage\":\"en-US\",\"@id\":\"https:\\\/\\\/ani.pt\\\/en\\\/anita\\\/#primaryimage\",\"url\":\"https:\\\/\\\/ani.pt\\\/wp-content\\\/uploads\\\/2024\\\/09\\\/banners_ani_anita.jpg\",\"contentUrl\":\"https:\\\/\\\/ani.pt\\\/wp-content\\\/uploads\\\/2024\\\/09\\\/banners_ani_anita.jpg\",\"width\":1500,\"height\":1000},{\"@type\":\"BreadcrumbList\",\"@id\":\"https:\\\/\\\/ani.pt\\\/en\\\/anita\\\/#breadcrumb\",\"itemListElement\":[{\"@type\":\"ListItem\",\"position\":1,\"name\":\"Homepage\",\"item\":\"https:\\\/\\\/ani.pt\\\/en\\\/\"},{\"@type\":\"ListItem\",\"position\":2,\"name\":\"Anita\"}]},{\"@type\":\"WebSite\",\"@id\":\"https:\\\/\\\/ani.pt\\\/en\\\/#website\",\"url\":\"https:\\\/\\\/ani.pt\\\/en\\\/\",\"name\":\"ANI\",\"description\":\"\",\"potentialAction\":[{\"@type\":\"SearchAction\",\"target\":{\"@type\":\"EntryPoint\",\"urlTemplate\":\"https:\\\/\\\/ani.pt\\\/en\\\/?s={search_term_string}\"},\"query-input\":{\"@type\":\"PropertyValueSpecification\",\"valueRequired\":true,\"valueName\":\"search_term_string\"}}],\"inLanguage\":\"en-US\"}]}<\/script>\n<!-- \/ Yoast SEO plugin. -->","yoast_head_json":{"title":"ANITA |ANI","robots":{"index":"index","follow":"follow","max-snippet":"max-snippet:-1","max-image-preview":"max-image-preview:large","max-video-preview":"max-video-preview:-1"},"canonical":"https:\/\/ani.pt\/en\/anita\/","og_locale":"en_US","og_type":"article","og_title":"ANITA |ANI","og_description":"ANITAHello, I am ANIta The Virtual Assistant powered by a Custom ChatGPT*: The New Era of ANI's Digital Customer ServiceAg\u00eancia Nacional de Inova\u00e7\u00e3o (ANI) is one of the first entities in Portugal to have a fully customized state-of-the-art ChatGPT 4.0 model: ANIta. ANIta is always available and aims to facilitate and assist users in accessing [&hellip;]","og_url":"https:\/\/ani.pt\/en\/anita\/","og_site_name":"ANI","article_publisher":"https:\/\/www.facebook.com\/agencianacionaldeinovacao\/","article_modified_time":"2024-10-17T15:02:56+00:00","og_image":[{"width":1500,"height":1000,"url":"https:\/\/ani.pt\/wp-content\/uploads\/2024\/09\/banners_ani_anita.jpg","type":"image\/jpeg"}],"twitter_card":"summary_large_image","twitter_misc":{"Est. reading time":"9 minutes"},"schema":{"@context":"https:\/\/schema.org","@graph":[{"@type":"WebPage","@id":"https:\/\/ani.pt\/en\/anita\/","url":"https:\/\/ani.pt\/en\/anita\/","name":"ANITA |ANI","isPartOf":{"@id":"https:\/\/ani.pt\/en\/#website"},"primaryImageOfPage":{"@id":"https:\/\/ani.pt\/en\/anita\/#primaryimage"},"image":{"@id":"https:\/\/ani.pt\/en\/anita\/#primaryimage"},"thumbnailUrl":"https:\/\/ani.pt\/wp-content\/uploads\/2024\/09\/banners_ani_anita.jpg","datePublished":"2024-09-11T16:47:20+00:00","dateModified":"2024-10-17T15:02:56+00:00","breadcrumb":{"@id":"https:\/\/ani.pt\/en\/anita\/#breadcrumb"},"inLanguage":"en-US","potentialAction":[{"@type":"ReadAction","target":["https:\/\/ani.pt\/en\/anita\/"]}]},{"@type":"ImageObject","inLanguage":"en-US","@id":"https:\/\/ani.pt\/en\/anita\/#primaryimage","url":"https:\/\/ani.pt\/wp-content\/uploads\/2024\/09\/banners_ani_anita.jpg","contentUrl":"https:\/\/ani.pt\/wp-content\/uploads\/2024\/09\/banners_ani_anita.jpg","width":1500,"height":1000},{"@type":"BreadcrumbList","@id":"https:\/\/ani.pt\/en\/anita\/#breadcrumb","itemListElement":[{"@type":"ListItem","position":1,"name":"Homepage","item":"https:\/\/ani.pt\/en\/"},{"@type":"ListItem","position":2,"name":"Anita"}]},{"@type":"WebSite","@id":"https:\/\/ani.pt\/en\/#website","url":"https:\/\/ani.pt\/en\/","name":"ANI","description":"","potentialAction":[{"@type":"SearchAction","target":{"@type":"EntryPoint","urlTemplate":"https:\/\/ani.pt\/en\/?s={search_term_string}"},"query-input":{"@type":"PropertyValueSpecification","valueRequired":true,"valueName":"search_term_string"}}],"inLanguage":"en-US"}]}},"_links":{"self":[{"href":"https:\/\/ani.pt\/en\/wp-json\/wp\/v2\/pages\/29139","targetHints":{"allow":["GET"]}}],"collection":[{"href":"https:\/\/ani.pt\/en\/wp-json\/wp\/v2\/pages"}],"about":[{"href":"https:\/\/ani.pt\/en\/wp-json\/wp\/v2\/types\/page"}],"author":[{"embeddable":true,"href":"https:\/\/ani.pt\/en\/wp-json\/wp\/v2\/users\/2"}],"replies":[{"embeddable":true,"href":"https:\/\/ani.pt\/en\/wp-json\/wp\/v2\/comments?post=29139"}],"version-history":[{"count":1,"href":"https:\/\/ani.pt\/en\/wp-json\/wp\/v2\/pages\/29139\/revisions"}],"predecessor-version":[{"id":29141,"href":"https:\/\/ani.pt\/en\/wp-json\/wp\/v2\/pages\/29139\/revisions\/29141"}],"wp:featuredmedia":[{"embeddable":true,"href":"https:\/\/ani.pt\/en\/wp-json\/wp\/v2\/media\/29140"}],"wp:attachment":[{"href":"https:\/\/ani.pt\/en\/wp-json\/wp\/v2\/media?parent=29139"}],"wp:term":[{"taxonomy":"categorias-de-pagina","embeddable":true,"href":"https:\/\/ani.pt\/en\/wp-json\/wp\/v2\/categorias-de-pagina?post=29139"}],"curies":[{"name":"wp","href":"https:\/\/api.w.org\/{rel}","templated":true}]}}